{"id":1126,"date":"2019-05-03T10:52:10","date_gmt":"2019-05-03T08:52:10","guid":{"rendered":"https:\/\/www.dabermatic.it\/?page_id=1126"},"modified":"2021-12-22T12:03:18","modified_gmt":"2021-12-22T11:03:18","slug":"azienda","status":"publish","type":"page","link":"https:\/\/www.dabermatic.it\/de\/azienda\/","title":{"rendered":"\u00dcber Uns"},"content":{"rendered":"<div data-elementor-type=\"wp-post\" data-elementor-id=\"1126\" class=\"elementor elementor-1126\" data-elementor-settings=\"[]\">\n\t\t\t\t\t\t<div class=\"elementor-inner\">\n\t\t\t\t\t\t\t<div class=\"elementor-section-wrap\">\n\t\t\t\t\t\t\t<section class=\"elementor-section elementor-top-section elementor-element elementor-element-530da609 elementor-section-stretched elementor-section-boxed elementor-section-height-default elementor-section-height-default\" data-id=\"530da609\" data-element_type=\"section\" data-settings=\"{&quot;stretch_section&quot;:&quot;section-stretched&quot;,&quot;background_background&quot;:&quot;classic&quot;}\">\n\t\t\t\t\t\t<div class=\"elementor-container elementor-column-gap-default\">\n\t\t\t\t\t\t\t<div class=\"elementor-row\">\n\t\t\t\t\t<div class=\"elementor-column elementor-col-66 elementor-top-column elementor-element elementor-element-6c798afb\" data-id=\"6c798afb\" data-element_type=\"column\">\n\t\t\t<div class=\"elementor-column-wrap elementor-element-populated\">\n\t\t\t\t\t\t\t<div class=\"elementor-widget-wrap\">\n\t\t\t\t\t\t<div class=\"elementor-element elementor-element-143febfb elementor-widget elementor-widget-heading\" data-id=\"143febfb\" data-element_type=\"widget\" data-widget_type=\"heading.default\">\n\t\t\t\t<div class=\"elementor-widget-container\">\n\t\t\t<h1 class=\"elementor-heading-title elementor-size-default\">\u00dcber uns<\/h1>\t\t<\/div>\n\t\t\t\t<\/div>\n\t\t\t\t<div class=\"elementor-element elementor-element-1158ab10 elementor-widget elementor-widget-text-editor\" data-id=\"1158ab10\" data-element_type=\"widget\" data-widget_type=\"text-editor.default\">\n\t\t\t\t<div class=\"elementor-widget-container\">\n\t\t\t\t\t\t\t\t<div class=\"elementor-text-editor elementor-clearfix\">\n\t\t\t\tWir sind nicht nur eine Handelsgesellschaft, die sich auf die Lieferung von technischen Ausstattungen f\u00fcr das Gastst\u00e4ttengewerbe spezialisiert hat, sondern zeichnen uns auch ganz besonders durch unser qualifiziertes Mitarbeiterteam und die modernen Mittel aus, die es zulassen, alle Bed\u00fcrfnisse und W\u00fcnsche der anspruchsvollsten Profi-Gastronomen durch hochwertige Produkte und Dienstleistungen zu erf\u00fcllen.\t\t\t\t\t<\/div>\n\t\t\t\t\t\t<\/div>\n\t\t\t\t<\/div>\n\t\t\t\t<div class=\"elementor-element elementor-element-4a51796c elementor-align-left elementor-mobile-align-justify elementor-widget elementor-widget-button\" data-id=\"4a51796c\" data-element_type=\"widget\" data-widget_type=\"button.default\">\n\t\t\t\t<div class=\"elementor-widget-container\">\n\t\t\t\t\t<div class=\"elementor-button-wrapper\">\n\t\t\t<a href=\"https:\/\/www.dabermatic.it\/de\/contatti\/\" class=\"elementor-button-link elementor-button elementor-size-md\" role=\"button\">\n\t\t\t\t\t\t<span class=\"elementor-button-content-wrapper\">\n\t\t\t\t\t\t<span class=\"elementor-button-text\">INFORMATIONEN ANFORDERN<\/span>\n\t\t<\/span>\n\t\t\t\t\t<\/a>\n\t\t<\/div>\n\t\t\t\t<\/div>\n\t\t\t\t<\/div>\n\t\t\t\t\t\t<\/div>\n\t\t\t\t\t<\/div>\n\t\t<\/div>\n\t\t\t\t<div class=\"elementor-column elementor-col-33 elementor-top-column elementor-element elementor-element-3bc17486\" data-id=\"3bc17486\" data-element_type=\"column\">\n\t\t\t<div class=\"elementor-column-wrap elementor-element-populated\">\n\t\t\t\t\t\t\t<div class=\"elementor-widget-wrap\">\n\t\t\t\t\t\t<div class=\"elementor-element elementor-element-1da9207d elementor-absolute elementor-hidden-tablet elementor-hidden-phone elementor-widget elementor-widget-image\" data-id=\"1da9207d\" data-element_type=\"widget\" data-settings=\"{&quot;_position&quot;:&quot;absolute&quot;}\" data-widget_type=\"image.default\">\n\t\t\t\t<div class=\"elementor-widget-container\">\n\t\t\t\t\t\t\t\t<div class=\"elementor-image\">\n\t\t\t\t\t\t\t\t\t\t\t\t\t<a href=\"#azienda\">\n\t\t\t\t\t\t\t<img width=\"55\" height=\"69\" src=\"https:\/\/www.dabermatic.it\/wp-content\/uploads\/2019\/05\/arrow-ico.png\" class=\"attachment-large size-large\" alt=\"\" loading=\"lazy\" \/>\t\t\t\t\t\t\t\t<\/a>\n\t\t\t\t\t\t\t\t\t\t\t\t\t\t<\/div>\n\t\t\t\t\t\t<\/div>\n\t\t\t\t<\/div>\n\t\t\t\t\t\t<\/div>\n\t\t\t\t\t<\/div>\n\t\t<\/div>\n\t\t\t\t\t\t\t\t<\/div>\n\t\t\t\t\t<\/div>\n\t\t<\/section>\n\t\t\t\t<section class=\"elementor-section elementor-top-section elementor-element elementor-element-14c75c2 elementor-section-boxed elementor-section-height-default elementor-section-height-default\" data-id=\"14c75c2\" data-element_type=\"section\" id=\"azienda\">\n\t\t\t\t\t\t<div class=\"elementor-container elementor-column-gap-default\">\n\t\t\t\t\t\t\t<div class=\"elementor-row\">\n\t\t\t\t\t<div class=\"elementor-column elementor-col-100 elementor-top-column elementor-element elementor-element-cfe2a0f\" data-id=\"cfe2a0f\" data-element_type=\"column\">\n\t\t\t<div class=\"elementor-column-wrap elementor-element-populated\">\n\t\t\t\t\t\t\t<div class=\"elementor-widget-wrap\">\n\t\t\t\t\t\t<div class=\"elementor-element elementor-element-50f64d47 elementor-widget elementor-widget-heading\" data-id=\"50f64d47\" data-element_type=\"widget\" data-widget_type=\"heading.default\">\n\t\t\t\t<div class=\"elementor-widget-container\">\n\t\t\t<h2 class=\"elementor-heading-title elementor-size-default\">Geschichte<\/h2>\t\t<\/div>\n\t\t\t\t<\/div>\n\t\t\t\t<div class=\"elementor-element elementor-element-119604ff elementor-widget elementor-widget-text-editor\" data-id=\"119604ff\" data-element_type=\"widget\" data-widget_type=\"text-editor.default\">\n\t\t\t\t<div class=\"elementor-widget-container\">\n\t\t\t\t\t\t\t\t<div class=\"elementor-text-editor elementor-clearfix translation-block\">Die Dabermatic mit Sitz in Bozen wurde vor \u00fcber 50 Jahren von Dario Berloffa als Einzelunternehmen gegr\u00fcndet. Heute ist das Unternehmen nicht nur eine Handelsgesellschaft, die sich auf die Lieferung von technischen Ausstattungen f\u00fcr das Gastst\u00e4ttengewerbe spezialisiert hat, sondern zeichnet sich auch ganz besonders durch ihr qualifiziertes Mitarbeiterteam und die modernen Mittel aus, die es zulassen, alle Bed\u00fcrfnisse und W\u00fcnsche der anspruchsvollsten Profi-Gastronomen durch hochwertige Produkte und Dienstleistungen zu erf\u00fcllen. \n<br><br>\nDurch den st\u00e4ndigen Kontakt zu den S\u00fcdtiroler Kunden, die Kenntnis der hiesigen Marktbed\u00fcrfnisse und die fortlaufende technische und kaufm\u00e4nnische Schulung unserer Mitarbeiter bei den Herstellerfirmen, die wie exklusiv vertreten, ist es uns m\u00f6glich, Sie optimal bei Ihrer Investition zu unterst\u00fctzen. Nehmen Sie einfach Kontakt mit uns auf! Ihr Dabermatic-Berater besucht Sie gerne, um gemeinsam die f\u00fcr Sie passende L\u00f6sung zu finden.<\/div>\n\t\t\t\t\t\t<\/div>\n\t\t\t\t<\/div>\n\t\t\t\t\t\t<\/div>\n\t\t\t\t\t<\/div>\n\t\t<\/div>\n\t\t\t\t\t\t\t\t<\/div>\n\t\t\t\t\t<\/div>\n\t\t<\/section>\n\t\t\t\t<section class=\"elementor-section elementor-top-section elementor-element elementor-element-a437556 elementor-section-stretched elementor-section-full_width elementor-section-height-default elementor-section-height-default\" data-id=\"a437556\" data-element_type=\"section\" data-settings=\"{&quot;stretch_section&quot;:&quot;section-stretched&quot;}\">\n\t\t\t\t\t\t<div class=\"elementor-container elementor-column-gap-default\">\n\t\t\t\t\t\t\t<div class=\"elementor-row\">\n\t\t\t\t\t<div class=\"elementor-column elementor-col-100 elementor-top-column elementor-element elementor-element-bf87d4d\" data-id=\"bf87d4d\" data-element_type=\"column\">\n\t\t\t<div class=\"elementor-column-wrap elementor-element-populated\">\n\t\t\t\t\t\t\t<div class=\"elementor-widget-wrap\">\n\t\t\t\t\t\t<div class=\"elementor-element elementor-element-9c2a4e3 elementor-widget-divider--view-line elementor-widget elementor-widget-divider\" data-id=\"9c2a4e3\" data-element_type=\"widget\" data-widget_type=\"divider.default\">\n\t\t\t\t<div class=\"elementor-widget-container\">\n\t\t\t\t\t<div class=\"elementor-divider\">\n\t\t\t<span class=\"elementor-divider-separator\">\n\t\t\t\t\t\t<\/span>\n\t\t<\/div>\n\t\t\t\t<\/div>\n\t\t\t\t<\/div>\n\t\t\t\t\t\t<\/div>\n\t\t\t\t\t<\/div>\n\t\t<\/div>\n\t\t\t\t\t\t\t\t<\/div>\n\t\t\t\t\t<\/div>\n\t\t<\/section>\n\t\t\t\t<section class=\"elementor-section elementor-top-section elementor-element elementor-element-3e49738 elementor-section-boxed elementor-section-height-default elementor-section-height-default\" data-id=\"3e49738\" data-element_type=\"section\">\n\t\t\t\t\t\t<div class=\"elementor-container elementor-column-gap-default\">\n\t\t\t\t\t\t\t<div class=\"elementor-row\">\n\t\t\t\t\t<div class=\"elementor-column elementor-col-100 elementor-top-column elementor-element elementor-element-949ef13\" data-id=\"949ef13\" data-element_type=\"column\">\n\t\t\t<div class=\"elementor-column-wrap elementor-element-populated\">\n\t\t\t\t\t\t\t<div class=\"elementor-widget-wrap\">\n\t\t\t\t\t\t<div class=\"elementor-element elementor-element-ae445c0 elementor-widget elementor-widget-heading\" data-id=\"ae445c0\" data-element_type=\"widget\" data-widget_type=\"heading.default\">\n\t\t\t\t<div class=\"elementor-widget-container\">\n\t\t\t<h2 class=\"elementor-heading-title elementor-size-default\">Service<\/h2>\t\t<\/div>\n\t\t\t\t<\/div>\n\t\t\t\t<div class=\"elementor-element elementor-element-9b071b4 elementor-widget elementor-widget-text-editor\" data-id=\"9b071b4\" data-element_type=\"widget\" data-widget_type=\"text-editor.default\">\n\t\t\t\t<div class=\"elementor-widget-container\">\n\t\t\t\t\t\t\t\t<div class=\"elementor-text-editor elementor-clearfix\">\n\t\t\t\t<p>Eine professionelle Gastst\u00e4ttenk\u00fcche und alle ihre Ausr\u00fcstungen m\u00fcssen immer effizient sein. Sch\u00e4den und Unannehmlichkeiten, die sich durch Betriebsst\u00f6rungen ergeben, k\u00f6nnen sich schwerwiegend auf die Betriebskosten und das Image auswirken. Wir sind uns schon seit langer Zeit dieser Verantwortung bewusst und tragen ihr mit einem kompetenten, flexiblen, mobilen und insbesondere zeitnahen After-Sales-Service Rechnung.<\/p><p>Zudem nehmen wir die Lieferungen ausschlie\u00dflich mit unseren eigenen Fahrzeugen und unserem betriebsinternen Personal vor, wodurch nicht nur die P\u00fcnktlichkeit, sondern auch eine professionelle Installation der Ger\u00e4te gew\u00e4hrleistet wird.<\/p>\t\t\t\t\t<\/div>\n\t\t\t\t\t\t<\/div>\n\t\t\t\t<\/div>\n\t\t\t\t\t\t<\/div>\n\t\t\t\t\t<\/div>\n\t\t<\/div>\n\t\t\t\t\t\t\t\t<\/div>\n\t\t\t\t\t<\/div>\n\t\t<\/section>\n\t\t\t\t<section class=\"elementor-section elementor-top-section elementor-element elementor-element-d262aa1 elementor-section-boxed elementor-section-height-default elementor-section-height-default\" data-id=\"d262aa1\" data-element_type=\"section\" data-settings=\"{&quot;background_background&quot;:&quot;classic&quot;}\">\n\t\t\t\t\t\t<div class=\"elementor-container elementor-column-gap-default\">\n\t\t\t\t\t\t\t<div class=\"elementor-row\">\n\t\t\t\t\t<div class=\"elementor-column elementor-col-100 elementor-top-column elementor-element elementor-element-c16907e\" data-id=\"c16907e\" data-element_type=\"column\">\n\t\t\t<div class=\"elementor-column-wrap elementor-element-populated\">\n\t\t\t\t\t\t\t<div class=\"elementor-widget-wrap\">\n\t\t\t\t\t\t<div class=\"elementor-element elementor-element-cc3f6df elementor-widget elementor-widget-image\" data-id=\"cc3f6df\" data-element_type=\"widget\" data-widget_type=\"image.default\">\n\t\t\t\t<div class=\"elementor-widget-container\">\n\t\t\t\t\t\t\t\t<div class=\"elementor-image\">\n\t\t\t\t\t\t\t\t\t\t\t\t<img width=\"496\" height=\"448\" src=\"https:\/\/www.dabermatic.it\/wp-content\/uploads\/2019\/05\/dabermatic-service.png\" class=\"attachment-large size-large\" alt=\"dabermatic service\" loading=\"lazy\" srcset=\"https:\/\/www.dabermatic.it\/wp-content\/uploads\/2019\/05\/dabermatic-service.png 496w, https:\/\/www.dabermatic.it\/wp-content\/uploads\/2019\/05\/dabermatic-service-300x271.png 300w\" sizes=\"(max-width: 496px) 100vw, 496px\" \/>\t\t\t\t\t\t\t\t\t\t\t\t\t\t<\/div>\n\t\t\t\t\t\t<\/div>\n\t\t\t\t<\/div>\n\t\t\t\t<div class=\"elementor-element elementor-element-200fd53 elementor-widget elementor-widget-heading\" data-id=\"200fd53\" data-element_type=\"widget\" data-widget_type=\"heading.default\">\n\t\t\t\t<div class=\"elementor-widget-container\">\n\t\t\t<h2 class=\"elementor-heading-title elementor-size-default\">Technische Service-Anfragen nehmen wir gerne telefonisch entgegen: +39 0471 283329  \n\n<\/h2>\t\t<\/div>\n\t\t\t\t<\/div>\n\t\t\t\t<div class=\"elementor-element elementor-element-0648e7f elementor-widget elementor-widget-text-editor\" data-id=\"0648e7f\" data-element_type=\"widget\" data-widget_type=\"text-editor.default\">\n\t\t\t\t<div class=\"elementor-widget-container\">\n\t\t\t\t\t\t\t\t<div class=\"elementor-text-editor elementor-clearfix\">\n\t\t\t\t<p>W\u00e4hrend der Gesch\u00e4ftsschlusszeit k\u00f6nnen Sie eine Nachricht am Anrufbeantworter hinterlassen oder uns eine E-Mail an service@dabermatic.it senden. Wir antworten Ihnen so rasch wie m\u00f6glich.<\/p>\t\t\t\t\t<\/div>\n\t\t\t\t\t\t<\/div>\n\t\t\t\t<\/div>\n\t\t\t\t<div class=\"elementor-element elementor-element-de68436 elementor-align-justify elementor-widget elementor-widget-button\" data-id=\"de68436\" data-element_type=\"widget\" data-widget_type=\"button.default\">\n\t\t\t\t<div class=\"elementor-widget-container\">\n\t\t\t\t\t<div class=\"elementor-button-wrapper\">\n\t\t\t<a href=\"https:\/\/www.dabermatic.it\/de\/contatti\/\" class=\"elementor-button-link elementor-button elementor-size-md\" role=\"button\">\n\t\t\t\t\t\t<span class=\"elementor-button-content-wrapper\">\n\t\t\t\t\t\t<span class=\"elementor-button-text\">ANFRAGE SENDEN<\/span>\n\t\t<\/span>\n\t\t\t\t\t<\/a>\n\t\t<\/div>\n\t\t\t\t<\/div>\n\t\t\t\t<\/div>\n\t\t\t\t\t\t<\/div>\n\t\t\t\t\t<\/div>\n\t\t<\/div>\n\t\t\t\t\t\t\t\t<\/div>\n\t\t\t\t\t<\/div>\n\t\t<\/section>\n\t\t\t\t<section class=\"elementor-section elementor-top-section elementor-element elementor-element-b7346eb elementor-section-boxed elementor-section-height-default elementor-section-height-default\" data-id=\"b7346eb\" data-element_type=\"section\">\n\t\t\t\t\t\t<div class=\"elementor-container elementor-column-gap-default\">\n\t\t\t\t\t\t\t<div class=\"elementor-row\">\n\t\t\t\t\t<div class=\"elementor-column elementor-col-33 elementor-top-column elementor-element elementor-element-ad2e04c\" data-id=\"ad2e04c\" data-element_type=\"column\">\n\t\t\t<div class=\"elementor-column-wrap\">\n\t\t\t\t\t\t\t<div class=\"elementor-widget-wrap\">\n\t\t\t\t\t\t\t\t<\/div>\n\t\t\t\t\t<\/div>\n\t\t<\/div>\n\t\t\t\t<div class=\"elementor-column elementor-col-33 elementor-top-column elementor-element elementor-element-1974fe6\" data-id=\"1974fe6\" data-element_type=\"column\">\n\t\t\t<div class=\"elementor-column-wrap\">\n\t\t\t\t\t\t\t<div class=\"elementor-widget-wrap\">\n\t\t\t\t\t\t\t\t<\/div>\n\t\t\t\t\t<\/div>\n\t\t<\/div>\n\t\t\t\t<div class=\"elementor-column elementor-col-33 elementor-top-column elementor-element elementor-element-f4c5168\" data-id=\"f4c5168\" data-element_type=\"column\">\n\t\t\t<div class=\"elementor-column-wrap\">\n\t\t\t\t\t\t\t<div class=\"elementor-widget-wrap\">\n\t\t\t\t\t\t\t\t<\/div>\n\t\t\t\t\t<\/div>\n\t\t<\/div>\n\t\t\t\t\t\t\t\t<\/div>\n\t\t\t\t\t<\/div>\n\t\t<\/section>\n\t\t\t\t\t\t<\/div>\n\t\t\t\t\t\t<\/div>\n\t\t\t\t\t<\/div>","protected":false},"excerpt":{"rendered":"<p>Chi siamo Non solo una societ\u00e0 commerciale specializzata nella fornitura di tecnologie per la ristorazione professionale, ma \u00e8 soprattutto un\u2019 organizzazione di persone qualificate e di mezzi moderni pronti a soddisfare le necessit\u00e0 ed i desideri dei ristoratori pi\u00f9 professionali attraverso prodotti e servizi di qualit\u00e0. RICHIEDI INFORMAZIONI Storia La Dabermatic, con sede a Bolzano, [&hellip;]<\/p>","protected":false},"author":4,"featured_media":0,"parent":0,"menu_order":0,"comment_status":"closed","ping_status":"closed","template":"elementor_header_footer","meta":[],"yoast_head":"<!-- This site is optimized with the Yoast SEO plugin v18.0 - https:\/\/yoast.com\/wordpress\/plugins\/seo\/ -->\n<title>Azienda - Dabermatic a Bolzano<\/title>\n<meta name=\"description\" content=\"Azienda - Dabermatic a Bolzano. La Dabermatic, con sede a Bolzano, \u00e8 stata costituita come ditta individuale oltre...\" \/>\n<meta name=\"robots\" content=\"index, follow, max-snippet:-1, max-image-preview:large, max-video-preview:-1\" \/>\n<link rel=\"canonical\" href=\"https:\/\/www.dabermatic.it\/de\/azienda\/\" \/>\n<meta property=\"og:locale\" content=\"de_DE\" \/>\n<meta property=\"og:type\" content=\"article\" \/>\n<meta property=\"og:title\" content=\"Azienda - Dabermatic a Bolzano\" \/>\n<meta property=\"og:description\" content=\"Azienda - Dabermatic a Bolzano. La Dabermatic, con sede a Bolzano, \u00e8 stata costituita come ditta individuale oltre...\" \/>\n<meta property=\"og:url\" content=\"https:\/\/www.dabermatic.it\/de\/azienda\/\" \/>\n<meta property=\"og:site_name\" content=\"Dabermatic\" \/>\n<meta property=\"article:modified_time\" content=\"2021-12-22T11:03:18+00:00\" \/>\n<meta property=\"og:image\" content=\"https:\/\/www.dabermatic.it\/wp-content\/uploads\/2019\/05\/arrow-ico.png\" \/>\n<meta name=\"twitter:card\" content=\"summary_large_image\" \/>\n<meta name=\"twitter:label1\" content=\"Gesch\u00e4tzte Lesezeit\" \/>\n\t<meta name=\"twitter:data1\" content=\"1\u00a0Minute\" \/>\n<script type=\"application\/ld+json\" class=\"yoast-schema-graph\">{\"@context\":\"https:\/\/schema.org\",\"@graph\":[{\"@type\":\"WebSite\",\"@id\":\"https:\/\/www.dabermatic.it\/#website\",\"url\":\"https:\/\/www.dabermatic.it\/\",\"name\":\"Dabermatic\",\"description\":\"\",\"potentialAction\":[{\"@type\":\"SearchAction\",\"target\":{\"@type\":\"EntryPoint\",\"urlTemplate\":\"https:\/\/www.dabermatic.it\/?s={search_term_string}\"},\"query-input\":\"required name=search_term_string\"}],\"inLanguage\":\"de\"},{\"@type\":\"ImageObject\",\"@id\":\"https:\/\/www.dabermatic.it\/azienda\/#primaryimage\",\"inLanguage\":\"de\",\"url\":\"https:\/\/www.dabermatic.it\/wp-content\/uploads\/2019\/05\/arrow-ico.png\",\"contentUrl\":\"https:\/\/www.dabermatic.it\/wp-content\/uploads\/2019\/05\/arrow-ico.png\",\"width\":55,\"height\":69},{\"@type\":\"WebPage\",\"@id\":\"https:\/\/www.dabermatic.it\/azienda\/#webpage\",\"url\":\"https:\/\/www.dabermatic.it\/azienda\/\",\"name\":\"Azienda - Dabermatic a Bolzano\",\"isPartOf\":{\"@id\":\"https:\/\/www.dabermatic.it\/#website\"},\"primaryImageOfPage\":{\"@id\":\"https:\/\/www.dabermatic.it\/azienda\/#primaryimage\"},\"datePublished\":\"2019-05-03T08:52:10+00:00\",\"dateModified\":\"2021-12-22T11:03:18+00:00\",\"description\":\"Azienda - Dabermatic a Bolzano. La Dabermatic, con sede a Bolzano, \u00e8 stata costituita come ditta individuale oltre...\",\"breadcrumb\":{\"@id\":\"https:\/\/www.dabermatic.it\/azienda\/#breadcrumb\"},\"inLanguage\":\"de\",\"potentialAction\":[{\"@type\":\"ReadAction\",\"target\":[\"https:\/\/www.dabermatic.it\/azienda\/\"]}]},{\"@type\":\"BreadcrumbList\",\"@id\":\"https:\/\/www.dabermatic.it\/azienda\/#breadcrumb\",\"itemListElement\":[{\"@type\":\"ListItem\",\"position\":1,\"name\":\"Home\",\"item\":\"https:\/\/www.dabermatic.it\/\"},{\"@type\":\"ListItem\",\"position\":2,\"name\":\"Azienda\"}]}]}<\/script>\n<!-- \/ Yoast SEO plugin. -->","yoast_head_json":{"title":"Azienda - Dabermatic a Bolzano","description":"Azienda - Dabermatic a Bolzano. La Dabermatic, con sede a Bolzano, \u00e8 stata costituita come ditta individuale oltre...","robots":{"index":"index","follow":"follow","max-snippet":"max-snippet:-1","max-image-preview":"max-image-preview:large","max-video-preview":"max-video-preview:-1"},"canonical":"https:\/\/www.dabermatic.it\/de\/azienda\/","og_locale":"de_DE","og_type":"article","og_title":"Azienda - Dabermatic a Bolzano","og_description":"Azienda - Dabermatic a Bolzano. La Dabermatic, con sede a Bolzano, \u00e8 stata costituita come ditta individuale oltre...","og_url":"https:\/\/www.dabermatic.it\/de\/azienda\/","og_site_name":"Dabermatic","article_modified_time":"2021-12-22T11:03:18+00:00","og_image":[{"url":"https:\/\/www.dabermatic.it\/wp-content\/uploads\/2019\/05\/arrow-ico.png"}],"twitter_card":"summary_large_image","twitter_misc":{"Gesch\u00e4tzte Lesezeit":"1\u00a0Minute"},"schema":{"@context":"https:\/\/schema.org","@graph":[{"@type":"WebSite","@id":"https:\/\/www.dabermatic.it\/#website","url":"https:\/\/www.dabermatic.it\/","name":"Dabermatic","description":"","potentialAction":[{"@type":"SearchAction","target":{"@type":"EntryPoint","urlTemplate":"https:\/\/www.dabermatic.it\/?s={search_term_string}"},"query-input":"required name=search_term_string"}],"inLanguage":"de"},{"@type":"ImageObject","@id":"https:\/\/www.dabermatic.it\/azienda\/#primaryimage","inLanguage":"de","url":"https:\/\/www.dabermatic.it\/wp-content\/uploads\/2019\/05\/arrow-ico.png","contentUrl":"https:\/\/www.dabermatic.it\/wp-content\/uploads\/2019\/05\/arrow-ico.png","width":55,"height":69},{"@type":"WebPage","@id":"https:\/\/www.dabermatic.it\/azienda\/#webpage","url":"https:\/\/www.dabermatic.it\/azienda\/","name":"Azienda - Dabermatic a Bolzano","isPartOf":{"@id":"https:\/\/www.dabermatic.it\/#website"},"primaryImageOfPage":{"@id":"https:\/\/www.dabermatic.it\/azienda\/#primaryimage"},"datePublished":"2019-05-03T08:52:10+00:00","dateModified":"2021-12-22T11:03:18+00:00","description":"Azienda - Dabermatic a Bolzano. La Dabermatic, con sede a Bolzano, \u00e8 stata costituita come ditta individuale oltre...","breadcrumb":{"@id":"https:\/\/www.dabermatic.it\/azienda\/#breadcrumb"},"inLanguage":"de","potentialAction":[{"@type":"ReadAction","target":["https:\/\/www.dabermatic.it\/azienda\/"]}]},{"@type":"BreadcrumbList","@id":"https:\/\/www.dabermatic.it\/azienda\/#breadcrumb","itemListElement":[{"@type":"ListItem","position":1,"name":"Home","item":"https:\/\/www.dabermatic.it\/"},{"@type":"ListItem","position":2,"name":"Azienda"}]}]}},"_links":{"self":[{"href":"https:\/\/www.dabermatic.it\/de\/wp-json\/wp\/v2\/pages\/1126"}],"collection":[{"href":"https:\/\/www.dabermatic.it\/de\/wp-json\/wp\/v2\/pages"}],"about":[{"href":"https:\/\/www.dabermatic.it\/de\/wp-json\/wp\/v2\/types\/page"}],"author":[{"embeddable":true,"href":"https:\/\/www.dabermatic.it\/de\/wp-json\/wp\/v2\/users\/4"}],"replies":[{"embeddable":true,"href":"https:\/\/www.dabermatic.it\/de\/wp-json\/wp\/v2\/comments?post=1126"}],"version-history":[{"count":50,"href":"https:\/\/www.dabermatic.it\/de\/wp-json\/wp\/v2\/pages\/1126\/revisions"}],"predecessor-version":[{"id":2638,"href":"https:\/\/www.dabermatic.it\/de\/wp-json\/wp\/v2\/pages\/1126\/revisions\/2638"}],"wp:attachment":[{"href":"https:\/\/www.dabermatic.it\/de\/wp-json\/wp\/v2\/media?parent=1126"}],"curies":[{"name":"wp","href":"https:\/\/api.w.org\/{rel}","templated":true}]}}