{"id":1130,"date":"2019-05-03T10:52:41","date_gmt":"2019-05-03T08:52:41","guid":{"rendered":"https:\/\/www.dabermatic.it\/?page_id=1130"},"modified":"2021-12-22T12:17:59","modified_gmt":"2021-12-22T11:17:59","slug":"progettazione","status":"publish","type":"page","link":"https:\/\/www.dabermatic.it\/de\/progettazione\/","title":{"rendered":"Planung"},"content":{"rendered":"<div data-elementor-type=\"wp-post\" data-elementor-id=\"1130\" class=\"elementor elementor-1130\" data-elementor-settings=\"[]\">\n\t\t\t\t\t\t<div class=\"elementor-inner\">\n\t\t\t\t\t\t\t<div class=\"elementor-section-wrap\">\n\t\t\t\t\t\t\t<section class=\"elementor-section elementor-top-section elementor-element elementor-element-2f6580d elementor-section-stretched elementor-section-boxed elementor-section-height-default elementor-section-height-default\" data-id=\"2f6580d\" data-element_type=\"section\" data-settings=\"{&quot;stretch_section&quot;:&quot;section-stretched&quot;,&quot;background_background&quot;:&quot;classic&quot;}\">\n\t\t\t\t\t\t<div class=\"elementor-container elementor-column-gap-default\">\n\t\t\t\t\t\t\t<div class=\"elementor-row\">\n\t\t\t\t\t<div class=\"elementor-column elementor-col-66 elementor-top-column elementor-element elementor-element-2f7f46c\" data-id=\"2f7f46c\" data-element_type=\"column\">\n\t\t\t<div class=\"elementor-column-wrap elementor-element-populated\">\n\t\t\t\t\t\t\t<div class=\"elementor-widget-wrap\">\n\t\t\t\t\t\t<div class=\"elementor-element elementor-element-30b5f795 elementor-widget elementor-widget-heading\" data-id=\"30b5f795\" data-element_type=\"widget\" data-widget_type=\"heading.default\">\n\t\t\t\t<div class=\"elementor-widget-container\">\n\t\t\t<h1 class=\"elementor-heading-title elementor-size-default\">Beratung und Planung<\/h1>\t\t<\/div>\n\t\t\t\t<\/div>\n\t\t\t\t<div class=\"elementor-element elementor-element-40645939 elementor-widget elementor-widget-text-editor\" data-id=\"40645939\" data-element_type=\"widget\" data-widget_type=\"text-editor.default\">\n\t\t\t\t<div class=\"elementor-widget-container\">\n\t\t\t\t\t\t\t\t<div class=\"elementor-text-editor elementor-clearfix\">\n\t\t\t\t<p>Wir bewerten jedes Projekt als Ganzes und erg\u00e4nzen das Wissen unserer Kunden durch die Professionalit\u00e4t unserer Mitarbeiter<\/p>\t\t\t\t\t<\/div>\n\t\t\t\t\t\t<\/div>\n\t\t\t\t<\/div>\n\t\t\t\t<div class=\"elementor-element elementor-element-8dc9221 elementor-align-left elementor-mobile-align-justify elementor-widget elementor-widget-button\" data-id=\"8dc9221\" data-element_type=\"widget\" data-widget_type=\"button.default\">\n\t\t\t\t<div class=\"elementor-widget-container\">\n\t\t\t\t\t<div class=\"elementor-button-wrapper\">\n\t\t\t<a href=\"https:\/\/www.dabermatic.it\/de\/contatti\/\" class=\"elementor-button-link elementor-button elementor-size-md\" role=\"button\">\n\t\t\t\t\t\t<span class=\"elementor-button-content-wrapper\">\n\t\t\t\t\t\t<span class=\"elementor-button-text\">INFORMATIONEN ANFORDERN<\/span>\n\t\t<\/span>\n\t\t\t\t\t<\/a>\n\t\t<\/div>\n\t\t\t\t<\/div>\n\t\t\t\t<\/div>\n\t\t\t\t\t\t<\/div>\n\t\t\t\t\t<\/div>\n\t\t<\/div>\n\t\t\t\t<div class=\"elementor-column elementor-col-33 elementor-top-column elementor-element elementor-element-5bd5a5cf\" data-id=\"5bd5a5cf\" data-element_type=\"column\">\n\t\t\t<div class=\"elementor-column-wrap elementor-element-populated\">\n\t\t\t\t\t\t\t<div class=\"elementor-widget-wrap\">\n\t\t\t\t\t\t<div class=\"elementor-element elementor-element-47d522d6 elementor-absolute elementor-hidden-tablet elementor-hidden-phone elementor-widget elementor-widget-image\" data-id=\"47d522d6\" data-element_type=\"widget\" data-settings=\"{&quot;_position&quot;:&quot;absolute&quot;}\" data-widget_type=\"image.default\">\n\t\t\t\t<div class=\"elementor-widget-container\">\n\t\t\t\t\t\t\t\t<div class=\"elementor-image\">\n\t\t\t\t\t\t\t\t\t\t\t\t\t<a href=\"#prodotti\">\n\t\t\t\t\t\t\t<img width=\"55\" height=\"69\" src=\"https:\/\/www.dabermatic.it\/wp-content\/uploads\/2019\/05\/arrow-ico.png\" class=\"attachment-large size-large\" alt=\"\" loading=\"lazy\" \/>\t\t\t\t\t\t\t\t<\/a>\n\t\t\t\t\t\t\t\t\t\t\t\t\t\t<\/div>\n\t\t\t\t\t\t<\/div>\n\t\t\t\t<\/div>\n\t\t\t\t\t\t<\/div>\n\t\t\t\t\t<\/div>\n\t\t<\/div>\n\t\t\t\t\t\t\t\t<\/div>\n\t\t\t\t\t<\/div>\n\t\t<\/section>\n\t\t\t\t<section class=\"elementor-section elementor-top-section elementor-element elementor-element-831185b elementor-section-boxed elementor-section-height-default elementor-section-height-default\" data-id=\"831185b\" data-element_type=\"section\">\n\t\t\t\t\t\t<div class=\"elementor-container elementor-column-gap-default\">\n\t\t\t\t\t\t\t<div class=\"elementor-row\">\n\t\t\t\t\t<div class=\"elementor-column elementor-col-100 elementor-top-column elementor-element elementor-element-3c8cb2c\" data-id=\"3c8cb2c\" data-element_type=\"column\">\n\t\t\t<div class=\"elementor-column-wrap elementor-element-populated\">\n\t\t\t\t\t\t\t<div class=\"elementor-widget-wrap\">\n\t\t\t\t\t\t<div class=\"elementor-element elementor-element-7d2f85e9 elementor-widget elementor-widget-text-editor\" data-id=\"7d2f85e9\" data-element_type=\"widget\" data-widget_type=\"text-editor.default\">\n\t\t\t\t<div class=\"elementor-widget-container\">\n\t\t\t\t\t\t\t\t<div class=\"elementor-text-editor elementor-clearfix\">\n\t\t\t\t<p class=\"bodytext\">Jedes Projekt wird als Ganzes bewertet, wobei das Wissen unserer Kunden durch die Professionalit\u00e4t unserer Mitarbeiter erg\u00e4nz wird und der verf\u00fcgbare Raum mit den Gesundheits- und Hygienevorschriften sowie die Sicherheit der Bediener mit der Qualit\u00e4t der Produkte einhergehen, um die funktionellste und wirtschaftlich g\u00fcnstigste L\u00f6sung zu finden.<\/p><p class=\"bodytext\">Spezialisierte interne und externe Mitarbeiter arbeiten mit Computersystemen und CAD-Zeichenprogrammen und erstellen das Layout Ihrer K\u00fcche mit 3D-Ansichten, damit Sie sich schon vorab eine genaue Vorstellung machen k\u00f6nnen.<\/p><p class=\"bodytext\">Wir verfolgen den Fortschritt der Arbeiten vor Ort und \u00fcberpr\u00fcfen die genaue Ausf\u00fchrung aller bestellten Anlagen, um einen einwandfreien Betrieb der vorgesehenen Ger\u00e4te sicherzustellen.<\/p>\t\t\t\t\t<\/div>\n\t\t\t\t\t\t<\/div>\n\t\t\t\t<\/div>\n\t\t\t\t\t\t<\/div>\n\t\t\t\t\t<\/div>\n\t\t<\/div>\n\t\t\t\t\t\t\t\t<\/div>\n\t\t\t\t\t<\/div>\n\t\t<\/section>\n\t\t\t\t<section class=\"elementor-section elementor-top-section elementor-element elementor-element-4242612 elementor-section-boxed elementor-section-height-default elementor-section-height-default\" data-id=\"4242612\" data-element_type=\"section\">\n\t\t\t\t\t\t<div class=\"elementor-container elementor-column-gap-extended\">\n\t\t\t\t\t\t\t<div class=\"elementor-row\">\n\t\t\t\t\t<div class=\"elementor-column elementor-col-33 elementor-top-column elementor-element elementor-element-487f17d\" data-id=\"487f17d\" data-element_type=\"column\">\n\t\t\t<div class=\"elementor-column-wrap elementor-element-populated\">\n\t\t\t\t\t\t\t<div class=\"elementor-widget-wrap\">\n\t\t\t\t\t\t<div class=\"elementor-element elementor-element-a119815 elementor-position-top elementor-vertical-align-top elementor-widget elementor-widget-image-box\" data-id=\"a119815\" data-element_type=\"widget\" data-widget_type=\"image-box.default\">\n\t\t\t\t<div class=\"elementor-widget-container\">\n\t\t\t<div class=\"elementor-image-box-wrapper\"><figure class=\"elementor-image-box-img\"><img width=\"83\" height=\"83\" src=\"https:\/\/www.dabermatic.it\/wp-content\/uploads\/2019\/05\/dabermatic-ico-A.png\" class=\"attachment-full size-full\" alt=\"\" loading=\"lazy\" \/><\/figure><div class=\"elementor-image-box-content\"><p class=\"elementor-image-box-description\">Jedes Projekt wird in seiner Gesamtheit und unter Ber\u00fccksichtigung der Design-, Hygiene- und Gesundheitsstandards sowie aller Bed\u00fcrfnisse beurteilt.<\/p><\/div><\/div>\t\t<\/div>\n\t\t\t\t<\/div>\n\t\t\t\t\t\t<\/div>\n\t\t\t\t\t<\/div>\n\t\t<\/div>\n\t\t\t\t<div class=\"elementor-column elementor-col-33 elementor-top-column elementor-element elementor-element-8a92c7e\" data-id=\"8a92c7e\" data-element_type=\"column\">\n\t\t\t<div class=\"elementor-column-wrap elementor-element-populated\">\n\t\t\t\t\t\t\t<div class=\"elementor-widget-wrap\">\n\t\t\t\t\t\t<div class=\"elementor-element elementor-element-7608f60 elementor-position-top elementor-vertical-align-top elementor-widget elementor-widget-image-box\" data-id=\"7608f60\" data-element_type=\"widget\" data-widget_type=\"image-box.default\">\n\t\t\t\t<div class=\"elementor-widget-container\">\n\t\t\t<div class=\"elementor-image-box-wrapper\"><figure class=\"elementor-image-box-img\"><img width=\"83\" height=\"83\" src=\"https:\/\/www.dabermatic.it\/wp-content\/uploads\/2019\/05\/dabermatic-ico-B.png\" class=\"attachment-full size-full\" alt=\"\" loading=\"lazy\" \/><\/figure><div class=\"elementor-image-box-content\"><p class=\"elementor-image-box-description\">Spezialisierte interne und externe Mitarbeiter arbeiten mit Computersystemen und CAD-Zeichenprogrammen.<\/p><\/div><\/div>\t\t<\/div>\n\t\t\t\t<\/div>\n\t\t\t\t\t\t<\/div>\n\t\t\t\t\t<\/div>\n\t\t<\/div>\n\t\t\t\t<div class=\"elementor-column elementor-col-33 elementor-top-column elementor-element elementor-element-d67df88\" data-id=\"d67df88\" data-element_type=\"column\">\n\t\t\t<div class=\"elementor-column-wrap elementor-element-populated\">\n\t\t\t\t\t\t\t<div class=\"elementor-widget-wrap\">\n\t\t\t\t\t\t<div class=\"elementor-element elementor-element-500b22d elementor-position-top elementor-vertical-align-top elementor-widget elementor-widget-image-box\" data-id=\"500b22d\" data-element_type=\"widget\" data-widget_type=\"image-box.default\">\n\t\t\t\t<div class=\"elementor-widget-container\">\n\t\t\t<div class=\"elementor-image-box-wrapper\"><figure class=\"elementor-image-box-img\"><img width=\"83\" height=\"83\" src=\"https:\/\/www.dabermatic.it\/wp-content\/uploads\/2019\/05\/dabermatic-ico-DC.png\" class=\"attachment-full size-full\" alt=\"\" loading=\"lazy\" \/><\/figure><div class=\"elementor-image-box-content\"><p class=\"elementor-image-box-description\">Fachpersonal \u00fcberwacht und leitet die Arbeiten auf der Baustelle.<\/p><\/div><\/div>\t\t<\/div>\n\t\t\t\t<\/div>\n\t\t\t\t\t\t<\/div>\n\t\t\t\t\t<\/div>\n\t\t<\/div>\n\t\t\t\t\t\t\t\t<\/div>\n\t\t\t\t\t<\/div>\n\t\t<\/section>\n\t\t\t\t<section class=\"elementor-section elementor-top-section elementor-element elementor-element-fd7e99c elementor-section-boxed elementor-section-height-default elementor-section-height-default\" data-id=\"fd7e99c\" data-element_type=\"section\" data-settings=\"{&quot;background_background&quot;:&quot;classic&quot;,&quot;background_motion_fx_motion_fx_scrolling&quot;:&quot;yes&quot;,&quot;background_motion_fx_translateY_effect&quot;:&quot;yes&quot;,&quot;background_motion_fx_translateY_direction&quot;:&quot;negative&quot;,&quot;background_motion_fx_translateY_speed&quot;:{&quot;unit&quot;:&quot;px&quot;,&quot;size&quot;:4,&quot;sizes&quot;:[]},&quot;background_motion_fx_translateY_affectedRange&quot;:{&quot;unit&quot;:&quot;%&quot;,&quot;size&quot;:&quot;&quot;,&quot;sizes&quot;:{&quot;start&quot;:0,&quot;end&quot;:100}},&quot;background_motion_fx_devices&quot;:[&quot;desktop&quot;,&quot;tablet&quot;,&quot;mobile&quot;]}\">\n\t\t\t\t\t\t\t<div class=\"elementor-background-overlay\"><\/div>\n\t\t\t\t\t\t\t<div class=\"elementor-container elementor-column-gap-default\">\n\t\t\t\t\t\t\t<div class=\"elementor-row\">\n\t\t\t\t\t<div class=\"elementor-column elementor-col-100 elementor-top-column elementor-element elementor-element-4a28434\" data-id=\"4a28434\" data-element_type=\"column\">\n\t\t\t<div class=\"elementor-column-wrap elementor-element-populated\">\n\t\t\t\t\t\t\t<div class=\"elementor-widget-wrap\">\n\t\t\t\t\t\t<div class=\"elementor-element elementor-element-78d2df0 elementor-widget elementor-widget-spacer\" data-id=\"78d2df0\" data-element_type=\"widget\" data-widget_type=\"spacer.default\">\n\t\t\t\t<div class=\"elementor-widget-container\">\n\t\t\t\t\t<div class=\"elementor-spacer\">\n\t\t\t<div class=\"elementor-spacer-inner\"><\/div>\n\t\t<\/div>\n\t\t\t\t<\/div>\n\t\t\t\t<\/div>\n\t\t\t\t\t\t<\/div>\n\t\t\t\t\t<\/div>\n\t\t<\/div>\n\t\t\t\t\t\t\t\t<\/div>\n\t\t\t\t\t<\/div>\n\t\t<\/section>\n\t\t\t\t\t\t<\/div>\n\t\t\t\t\t\t<\/div>\n\t\t\t\t\t<\/div>","protected":false},"excerpt":{"rendered":"<p>Consulenza e Progettazione Valutatiamo ogni progetto nella sua globalit\u00e0, integrando le conoscenze dei clienti con la professionalit\u00e0 dei nostri collaboratori RICHIEDI INFORMAZIONI Ogni progetto viene valutato nella sua globalit\u00e0, integrando le conoscenze dei clienti con la professionalit\u00e0 dei nostri collaboratori, gli spazi disponibili con le normative igienico sanitarie, la sicurezza degli operatori con la qualit\u00e0 [&hellip;]<\/p>","protected":false},"author":4,"featured_media":0,"parent":0,"menu_order":0,"comment_status":"closed","ping_status":"closed","template":"elementor_header_footer","meta":[],"yoast_head":"<!-- This site is optimized with the Yoast SEO plugin v18.0 - https:\/\/yoast.com\/wordpress\/plugins\/seo\/ -->\n<title>Progettazione - Dabermatic a Bolzano<\/title>\n<meta name=\"description\" content=\"Progettazione - Dabermatic a Bolzano. Ogni progetto viene valutato nella sua globalit\u00e0, integrando le conoscenze dei clienti...\" \/>\n<meta name=\"robots\" content=\"index, follow, max-snippet:-1, max-image-preview:large, max-video-preview:-1\" \/>\n<link rel=\"canonical\" href=\"https:\/\/www.dabermatic.it\/de\/progettazione\/\" \/>\n<meta property=\"og:locale\" content=\"de_DE\" \/>\n<meta property=\"og:type\" content=\"article\" \/>\n<meta property=\"og:title\" content=\"Progettazione - Dabermatic a Bolzano\" \/>\n<meta property=\"og:description\" content=\"Progettazione - Dabermatic a Bolzano. Ogni progetto viene valutato nella sua globalit\u00e0, integrando le conoscenze dei clienti...\" \/>\n<meta property=\"og:url\" content=\"https:\/\/www.dabermatic.it\/de\/progettazione\/\" \/>\n<meta property=\"og:site_name\" content=\"Dabermatic\" \/>\n<meta property=\"article:modified_time\" content=\"2021-12-22T11:17:59+00:00\" \/>\n<meta property=\"og:image\" content=\"https:\/\/www.dabermatic.it\/wp-content\/uploads\/2019\/05\/arrow-ico.png\" \/>\n<meta name=\"twitter:card\" content=\"summary_large_image\" \/>\n<meta name=\"twitter:label1\" content=\"Gesch\u00e4tzte Lesezeit\" \/>\n\t<meta name=\"twitter:data1\" content=\"1\u00a0Minute\" \/>\n<script type=\"application\/ld+json\" class=\"yoast-schema-graph\">{\"@context\":\"https:\/\/schema.org\",\"@graph\":[{\"@type\":\"WebSite\",\"@id\":\"https:\/\/www.dabermatic.it\/#website\",\"url\":\"https:\/\/www.dabermatic.it\/\",\"name\":\"Dabermatic\",\"description\":\"\",\"potentialAction\":[{\"@type\":\"SearchAction\",\"target\":{\"@type\":\"EntryPoint\",\"urlTemplate\":\"https:\/\/www.dabermatic.it\/?s={search_term_string}\"},\"query-input\":\"required name=search_term_string\"}],\"inLanguage\":\"de\"},{\"@type\":\"ImageObject\",\"@id\":\"https:\/\/www.dabermatic.it\/progettazione\/#primaryimage\",\"inLanguage\":\"de\",\"url\":\"https:\/\/www.dabermatic.it\/wp-content\/uploads\/2019\/05\/arrow-ico.png\",\"contentUrl\":\"https:\/\/www.dabermatic.it\/wp-content\/uploads\/2019\/05\/arrow-ico.png\",\"width\":55,\"height\":69},{\"@type\":\"WebPage\",\"@id\":\"https:\/\/www.dabermatic.it\/progettazione\/#webpage\",\"url\":\"https:\/\/www.dabermatic.it\/progettazione\/\",\"name\":\"Progettazione - Dabermatic a Bolzano\",\"isPartOf\":{\"@id\":\"https:\/\/www.dabermatic.it\/#website\"},\"primaryImageOfPage\":{\"@id\":\"https:\/\/www.dabermatic.it\/progettazione\/#primaryimage\"},\"datePublished\":\"2019-05-03T08:52:41+00:00\",\"dateModified\":\"2021-12-22T11:17:59+00:00\",\"description\":\"Progettazione - Dabermatic a Bolzano. Ogni progetto viene valutato nella sua globalit\u00e0, integrando le conoscenze dei clienti...\",\"breadcrumb\":{\"@id\":\"https:\/\/www.dabermatic.it\/progettazione\/#breadcrumb\"},\"inLanguage\":\"de\",\"potentialAction\":[{\"@type\":\"ReadAction\",\"target\":[\"https:\/\/www.dabermatic.it\/progettazione\/\"]}]},{\"@type\":\"BreadcrumbList\",\"@id\":\"https:\/\/www.dabermatic.it\/progettazione\/#breadcrumb\",\"itemListElement\":[{\"@type\":\"ListItem\",\"position\":1,\"name\":\"Home\",\"item\":\"https:\/\/www.dabermatic.it\/\"},{\"@type\":\"ListItem\",\"position\":2,\"name\":\"Progettazione\"}]}]}<\/script>\n<!-- \/ Yoast SEO plugin. -->","yoast_head_json":{"title":"Progettazione - Dabermatic a Bolzano","description":"Progettazione - Dabermatic a Bolzano. Ogni progetto viene valutato nella sua globalit\u00e0, integrando le conoscenze dei clienti...","robots":{"index":"index","follow":"follow","max-snippet":"max-snippet:-1","max-image-preview":"max-image-preview:large","max-video-preview":"max-video-preview:-1"},"canonical":"https:\/\/www.dabermatic.it\/de\/progettazione\/","og_locale":"de_DE","og_type":"article","og_title":"Progettazione - Dabermatic a Bolzano","og_description":"Progettazione - Dabermatic a Bolzano. Ogni progetto viene valutato nella sua globalit\u00e0, integrando le conoscenze dei clienti...","og_url":"https:\/\/www.dabermatic.it\/de\/progettazione\/","og_site_name":"Dabermatic","article_modified_time":"2021-12-22T11:17:59+00:00","og_image":[{"url":"https:\/\/www.dabermatic.it\/wp-content\/uploads\/2019\/05\/arrow-ico.png"}],"twitter_card":"summary_large_image","twitter_misc":{"Gesch\u00e4tzte Lesezeit":"1\u00a0Minute"},"schema":{"@context":"https:\/\/schema.org","@graph":[{"@type":"WebSite","@id":"https:\/\/www.dabermatic.it\/#website","url":"https:\/\/www.dabermatic.it\/","name":"Dabermatic","description":"","potentialAction":[{"@type":"SearchAction","target":{"@type":"EntryPoint","urlTemplate":"https:\/\/www.dabermatic.it\/?s={search_term_string}"},"query-input":"required name=search_term_string"}],"inLanguage":"de"},{"@type":"ImageObject","@id":"https:\/\/www.dabermatic.it\/progettazione\/#primaryimage","inLanguage":"de","url":"https:\/\/www.dabermatic.it\/wp-content\/uploads\/2019\/05\/arrow-ico.png","contentUrl":"https:\/\/www.dabermatic.it\/wp-content\/uploads\/2019\/05\/arrow-ico.png","width":55,"height":69},{"@type":"WebPage","@id":"https:\/\/www.dabermatic.it\/progettazione\/#webpage","url":"https:\/\/www.dabermatic.it\/progettazione\/","name":"Progettazione - Dabermatic a Bolzano","isPartOf":{"@id":"https:\/\/www.dabermatic.it\/#website"},"primaryImageOfPage":{"@id":"https:\/\/www.dabermatic.it\/progettazione\/#primaryimage"},"datePublished":"2019-05-03T08:52:41+00:00","dateModified":"2021-12-22T11:17:59+00:00","description":"Progettazione - Dabermatic a Bolzano. Ogni progetto viene valutato nella sua globalit\u00e0, integrando le conoscenze dei clienti...","breadcrumb":{"@id":"https:\/\/www.dabermatic.it\/progettazione\/#breadcrumb"},"inLanguage":"de","potentialAction":[{"@type":"ReadAction","target":["https:\/\/www.dabermatic.it\/progettazione\/"]}]},{"@type":"BreadcrumbList","@id":"https:\/\/www.dabermatic.it\/progettazione\/#breadcrumb","itemListElement":[{"@type":"ListItem","position":1,"name":"Home","item":"https:\/\/www.dabermatic.it\/"},{"@type":"ListItem","position":2,"name":"Progettazione"}]}]}},"_links":{"self":[{"href":"https:\/\/www.dabermatic.it\/de\/wp-json\/wp\/v2\/pages\/1130"}],"collection":[{"href":"https:\/\/www.dabermatic.it\/de\/wp-json\/wp\/v2\/pages"}],"about":[{"href":"https:\/\/www.dabermatic.it\/de\/wp-json\/wp\/v2\/types\/page"}],"author":[{"embeddable":true,"href":"https:\/\/www.dabermatic.it\/de\/wp-json\/wp\/v2\/users\/4"}],"replies":[{"embeddable":true,"href":"https:\/\/www.dabermatic.it\/de\/wp-json\/wp\/v2\/comments?post=1130"}],"version-history":[{"count":29,"href":"https:\/\/www.dabermatic.it\/de\/wp-json\/wp\/v2\/pages\/1130\/revisions"}],"predecessor-version":[{"id":2660,"href":"https:\/\/www.dabermatic.it\/de\/wp-json\/wp\/v2\/pages\/1130\/revisions\/2660"}],"wp:attachment":[{"href":"https:\/\/www.dabermatic.it\/de\/wp-json\/wp\/v2\/media?parent=1130"}],"curies":[{"name":"wp","href":"https:\/\/api.w.org\/{rel}","templated":true}]}}