{"id":1511,"date":"2019-05-07T08:37:03","date_gmt":"2019-05-07T06:37:03","guid":{"rendered":"https:\/\/www.dabermatic.it\/?page_id=1511"},"modified":"2021-12-22T11:40:10","modified_gmt":"2021-12-22T10:40:10","slug":"arredo-inox","status":"publish","type":"page","link":"https:\/\/www.dabermatic.it\/de\/arredo-inox\/","title":{"rendered":"Ma\u00dfgefertigte Edelstahlm\u00f6bel"},"content":{"rendered":"<div data-elementor-type=\"wp-post\" data-elementor-id=\"1511\" class=\"elementor elementor-1511\" data-elementor-settings=\"[]\">\n\t\t\t\t\t\t<div class=\"elementor-inner\">\n\t\t\t\t\t\t\t<div class=\"elementor-section-wrap\">\n\t\t\t\t\t\t\t<section class=\"elementor-section elementor-top-section elementor-element elementor-element-6c7d58c7 elementor-section-stretched elementor-section-boxed elementor-section-height-default elementor-section-height-default\" data-id=\"6c7d58c7\" data-element_type=\"section\" data-settings=\"{&quot;stretch_section&quot;:&quot;section-stretched&quot;,&quot;background_background&quot;:&quot;classic&quot;}\">\n\t\t\t\t\t\t<div class=\"elementor-container elementor-column-gap-default\">\n\t\t\t\t\t\t\t<div class=\"elementor-row\">\n\t\t\t\t\t<div class=\"elementor-column elementor-col-66 elementor-top-column elementor-element elementor-element-39d25913\" data-id=\"39d25913\" data-element_type=\"column\">\n\t\t\t<div class=\"elementor-column-wrap elementor-element-populated\">\n\t\t\t\t\t\t\t<div class=\"elementor-widget-wrap\">\n\t\t\t\t\t\t<div class=\"elementor-element elementor-element-4e796733 elementor-widget elementor-widget-heading\" data-id=\"4e796733\" data-element_type=\"widget\" data-widget_type=\"heading.default\">\n\t\t\t\t<div class=\"elementor-widget-container\">\n\t\t\t<h1 class=\"elementor-heading-title elementor-size-default\">Ma\u00dfgefertigte Edelstahlm\u00f6bel<\/h1>\t\t<\/div>\n\t\t\t\t<\/div>\n\t\t\t\t<div class=\"elementor-element elementor-element-28274d7c elementor-widget elementor-widget-text-editor\" data-id=\"28274d7c\" data-element_type=\"widget\" data-widget_type=\"text-editor.default\">\n\t\t\t\t<div class=\"elementor-widget-container\">\n\t\t\t\t\t\t\t\t<div class=\"elementor-text-editor elementor-clearfix\">\n\t\t\t\tMit modularen und nach Ma\u00df gefertigten Elemente findet sich sicherlich auch die f\u00fcr Ihre Bed\u00fcrfnisse am besten geeignete L\u00f6sung\t\t\t\t\t<\/div>\n\t\t\t\t\t\t<\/div>\n\t\t\t\t<\/div>\n\t\t\t\t<div class=\"elementor-element elementor-element-5cc7304 elementor-align-left elementor-mobile-align-justify elementor-widget elementor-widget-button\" data-id=\"5cc7304\" data-element_type=\"widget\" data-widget_type=\"button.default\">\n\t\t\t\t<div class=\"elementor-widget-container\">\n\t\t\t\t\t<div class=\"elementor-button-wrapper\">\n\t\t\t<a href=\"https:\/\/www.dabermatic.it\/de\/contatti\/\" class=\"elementor-button-link elementor-button elementor-size-md\" role=\"button\">\n\t\t\t\t\t\t<span class=\"elementor-button-content-wrapper\">\n\t\t\t\t\t\t<span class=\"elementor-button-text\">INFORMATIONEN ANFORDERN<\/span>\n\t\t<\/span>\n\t\t\t\t\t<\/a>\n\t\t<\/div>\n\t\t\t\t<\/div>\n\t\t\t\t<\/div>\n\t\t\t\t\t\t<\/div>\n\t\t\t\t\t<\/div>\n\t\t<\/div>\n\t\t\t\t<div class=\"elementor-column elementor-col-33 elementor-top-column elementor-element elementor-element-2c8999d8\" data-id=\"2c8999d8\" data-element_type=\"column\">\n\t\t\t<div class=\"elementor-column-wrap elementor-element-populated\">\n\t\t\t\t\t\t\t<div class=\"elementor-widget-wrap\">\n\t\t\t\t\t\t<div class=\"elementor-element elementor-element-790f5f2 elementor-absolute elementor-hidden-tablet elementor-hidden-phone elementor-widget elementor-widget-image\" data-id=\"790f5f2\" data-element_type=\"widget\" data-settings=\"{&quot;_position&quot;:&quot;absolute&quot;}\" data-widget_type=\"image.default\">\n\t\t\t\t<div class=\"elementor-widget-container\">\n\t\t\t\t\t\t\t\t<div class=\"elementor-image\">\n\t\t\t\t\t\t\t\t\t\t\t\t\t<a href=\"#inox\">\n\t\t\t\t\t\t\t<img width=\"55\" height=\"69\" src=\"https:\/\/www.dabermatic.it\/wp-content\/uploads\/2019\/05\/arrow-ico.png\" class=\"attachment-large size-large\" alt=\"\" loading=\"lazy\" \/>\t\t\t\t\t\t\t\t<\/a>\n\t\t\t\t\t\t\t\t\t\t\t\t\t\t<\/div>\n\t\t\t\t\t\t<\/div>\n\t\t\t\t<\/div>\n\t\t\t\t\t\t<\/div>\n\t\t\t\t\t<\/div>\n\t\t<\/div>\n\t\t\t\t\t\t\t\t<\/div>\n\t\t\t\t\t<\/div>\n\t\t<\/section>\n\t\t\t\t<section class=\"elementor-section elementor-top-section elementor-element elementor-element-174db8a elementor-section-boxed elementor-section-height-default elementor-section-height-default\" data-id=\"174db8a\" data-element_type=\"section\" id=\"inox\">\n\t\t\t\t\t\t<div class=\"elementor-container elementor-column-gap-default\">\n\t\t\t\t\t\t\t<div class=\"elementor-row\">\n\t\t\t\t\t<div class=\"elementor-column elementor-col-100 elementor-top-column elementor-element elementor-element-af44407\" data-id=\"af44407\" data-element_type=\"column\">\n\t\t\t<div class=\"elementor-column-wrap elementor-element-populated\">\n\t\t\t\t\t\t\t<div class=\"elementor-widget-wrap\">\n\t\t\t\t\t\t<div class=\"elementor-element elementor-element-3ce3b933 elementor-widget elementor-widget-text-editor\" data-id=\"3ce3b933\" data-element_type=\"widget\" data-widget_type=\"text-editor.default\">\n\t\t\t\t<div class=\"elementor-widget-container\">\n\t\t\t\t\t\t\t\t<div class=\"elementor-text-editor elementor-clearfix translation-block\">Im modernen Gastst\u00e4ttengewerbe stehen in der Gestaltung und Anordnung der verschiedenen Bereiche der Speisenzubereitung maximale Funktionalit\u00e4t und Hygiene im Vordergrund. Genau deshalb wenden wir uns an Hersteller, die sich auf die Verarbeitung von Edelstahl spezialisiert haben, mit hochqualifizierten und innovativen Systemen zur Bearbeitung und Biegung der Bleche arbeiten und sowohl modulare als auch ma\u00dfgefertigte Elemente anbieten, mit denen wir f\u00fcr jeden Kunden die optimale L\u00f6sung finden.<\/div>\n\t\t\t\t\t\t<\/div>\n\t\t\t\t<\/div>\n\t\t\t\t\t\t<\/div>\n\t\t\t\t\t<\/div>\n\t\t<\/div>\n\t\t\t\t\t\t\t\t<\/div>\n\t\t\t\t\t<\/div>\n\t\t<\/section>\n\t\t\t\t<section class=\"elementor-section elementor-top-section elementor-element elementor-element-5bf51f02 elementor-section-boxed elementor-section-height-default elementor-section-height-default\" data-id=\"5bf51f02\" data-element_type=\"section\">\n\t\t\t\t\t\t<div class=\"elementor-container elementor-column-gap-default\">\n\t\t\t\t\t\t\t<div class=\"elementor-row\">\n\t\t\t\t\t<div class=\"elementor-column elementor-col-100 elementor-top-column elementor-element elementor-element-7f3914d6\" data-id=\"7f3914d6\" data-element_type=\"column\">\n\t\t\t<div class=\"elementor-column-wrap elementor-element-populated\">\n\t\t\t\t\t\t\t<div class=\"elementor-widget-wrap\">\n\t\t\t\t\t\t<div class=\"elementor-element elementor-element-091564b elementor-widget elementor-widget-heading\" data-id=\"091564b\" data-element_type=\"widget\" data-widget_type=\"heading.default\">\n\t\t\t\t<div class=\"elementor-widget-container\">\n\t\t\t<h3 class=\"elementor-heading-title elementor-size-default\">Bar &amp; Cafeteria<\/h3>\t\t<\/div>\n\t\t\t\t<\/div>\n\t\t\t\t<div class=\"elementor-element elementor-element-6c383f09 gallery-spacing-custom elementor-widget elementor-widget-image-gallery\" data-id=\"6c383f09\" data-element_type=\"widget\" data-widget_type=\"image-gallery.default\">\n\t\t\t\t<div class=\"elementor-widget-container\">\n\t\t\t\t\t<div class=\"elementor-image-gallery\">\n\t\t\t<div id='gallery-1' class='gallery galleryid-1511 gallery-columns-2 gallery-size-medium_large'><figure class='gallery-item'>\n\t\t\t<div class='gallery-icon landscape'>\n\t\t\t\t<a data-elementor-open-lightbox=\"yes\" data-elementor-lightbox-slideshow=\"6c383f09\" data-elementor-lightbox-title=\"BarCafeteria004-1080x675\" href='https:\/\/www.dabermatic.it\/wp-content\/uploads\/2019\/08\/BarCafeteria004-1080x675.jpg'><img width=\"768\" height=\"480\" src=\"https:\/\/www.dabermatic.it\/wp-content\/uploads\/2019\/08\/BarCafeteria004-1080x675-768x480.jpg\" class=\"attachment-medium_large size-medium_large\" alt=\"\" loading=\"lazy\" srcset=\"https:\/\/www.dabermatic.it\/wp-content\/uploads\/2019\/08\/BarCafeteria004-1080x675-768x480.jpg 768w, https:\/\/www.dabermatic.it\/wp-content\/uploads\/2019\/08\/BarCafeteria004-1080x675-300x188.jpg 300w, https:\/\/www.dabermatic.it\/wp-content\/uploads\/2019\/08\/BarCafeteria004-1080x675-1024x640.jpg 1024w, https:\/\/www.dabermatic.it\/wp-content\/uploads\/2019\/08\/BarCafeteria004-1080x675.jpg 1080w\" sizes=\"(max-width: 768px) 100vw, 768px\" \/><\/a>\n\t\t\t<\/div><\/figure><figure class='gallery-item'>\n\t\t\t<div class='gallery-icon landscape'>\n\t\t\t\t<a data-elementor-open-lightbox=\"yes\" data-elementor-lightbox-slideshow=\"6c383f09\" data-elementor-lightbox-title=\"BarCafeteria003-1080x675\" href='https:\/\/www.dabermatic.it\/wp-content\/uploads\/2019\/08\/BarCafeteria003-1080x675.jpg'><img width=\"768\" height=\"480\" src=\"https:\/\/www.dabermatic.it\/wp-content\/uploads\/2019\/08\/BarCafeteria003-1080x675-768x480.jpg\" class=\"attachment-medium_large size-medium_large\" alt=\"\" loading=\"lazy\" srcset=\"https:\/\/www.dabermatic.it\/wp-content\/uploads\/2019\/08\/BarCafeteria003-1080x675-768x480.jpg 768w, https:\/\/www.dabermatic.it\/wp-content\/uploads\/2019\/08\/BarCafeteria003-1080x675-300x188.jpg 300w, https:\/\/www.dabermatic.it\/wp-content\/uploads\/2019\/08\/BarCafeteria003-1080x675-1024x640.jpg 1024w, https:\/\/www.dabermatic.it\/wp-content\/uploads\/2019\/08\/BarCafeteria003-1080x675.jpg 1080w\" sizes=\"(max-width: 768px) 100vw, 768px\" \/><\/a>\n\t\t\t<\/div><\/figure><figure class='gallery-item'>\n\t\t\t<div class='gallery-icon landscape'>\n\t\t\t\t<a data-elementor-open-lightbox=\"yes\" data-elementor-lightbox-slideshow=\"6c383f09\" data-elementor-lightbox-title=\"BarCafeteria001-1080x675\" href='https:\/\/www.dabermatic.it\/wp-content\/uploads\/2019\/08\/BarCafeteria001-1080x675.jpg'><img width=\"768\" height=\"480\" src=\"https:\/\/www.dabermatic.it\/wp-content\/uploads\/2019\/08\/BarCafeteria001-1080x675-768x480.jpg\" class=\"attachment-medium_large size-medium_large\" alt=\"\" loading=\"lazy\" srcset=\"https:\/\/www.dabermatic.it\/wp-content\/uploads\/2019\/08\/BarCafeteria001-1080x675-768x480.jpg 768w, https:\/\/www.dabermatic.it\/wp-content\/uploads\/2019\/08\/BarCafeteria001-1080x675-300x188.jpg 300w, https:\/\/www.dabermatic.it\/wp-content\/uploads\/2019\/08\/BarCafeteria001-1080x675-1024x640.jpg 1024w, https:\/\/www.dabermatic.it\/wp-content\/uploads\/2019\/08\/BarCafeteria001-1080x675.jpg 1080w\" sizes=\"(max-width: 768px) 100vw, 768px\" \/><\/a>\n\t\t\t<\/div><\/figure><figure class='gallery-item'>\n\t\t\t<div class='gallery-icon landscape'>\n\t\t\t\t<a data-elementor-open-lightbox=\"yes\" data-elementor-lightbox-slideshow=\"6c383f09\" data-elementor-lightbox-title=\"BarCafeteria002-1080x675\" href='https:\/\/www.dabermatic.it\/wp-content\/uploads\/2019\/08\/BarCafeteria002-1080x675.jpg'><img width=\"768\" height=\"480\" src=\"https:\/\/www.dabermatic.it\/wp-content\/uploads\/2019\/08\/BarCafeteria002-1080x675-768x480.jpg\" class=\"attachment-medium_large size-medium_large\" alt=\"\" loading=\"lazy\" srcset=\"https:\/\/www.dabermatic.it\/wp-content\/uploads\/2019\/08\/BarCafeteria002-1080x675-768x480.jpg 768w, https:\/\/www.dabermatic.it\/wp-content\/uploads\/2019\/08\/BarCafeteria002-1080x675-300x188.jpg 300w, https:\/\/www.dabermatic.it\/wp-content\/uploads\/2019\/08\/BarCafeteria002-1080x675-1024x640.jpg 1024w, https:\/\/www.dabermatic.it\/wp-content\/uploads\/2019\/08\/BarCafeteria002-1080x675.jpg 1080w\" sizes=\"(max-width: 768px) 100vw, 768px\" \/><\/a>\n\t\t\t<\/div><\/figure>\n\t\t<\/div>\n\t\t<\/div>\n\t\t\t\t<\/div>\n\t\t\t\t<\/div>\n\t\t\t\t\t\t<\/div>\n\t\t\t\t\t<\/div>\n\t\t<\/div>\n\t\t\t\t\t\t\t\t<\/div>\n\t\t\t\t\t<\/div>\n\t\t<\/section>\n\t\t\t\t<section class=\"elementor-section elementor-top-section elementor-element elementor-element-3bed34f elementor-section-boxed elementor-section-height-default elementor-section-height-default\" data-id=\"3bed34f\" data-element_type=\"section\">\n\t\t\t\t\t\t<div class=\"elementor-container elementor-column-gap-default\">\n\t\t\t\t\t\t\t<div class=\"elementor-row\">\n\t\t\t\t\t<div class=\"elementor-column elementor-col-100 elementor-top-column elementor-element elementor-element-172f2a5\" data-id=\"172f2a5\" data-element_type=\"column\">\n\t\t\t<div class=\"elementor-column-wrap elementor-element-populated\">\n\t\t\t\t\t\t\t<div class=\"elementor-widget-wrap\">\n\t\t\t\t\t\t<div class=\"elementor-element elementor-element-e7db7f5 elementor-widget elementor-widget-heading\" data-id=\"e7db7f5\" data-element_type=\"widget\" data-widget_type=\"heading.default\">\n\t\t\t\t<div class=\"elementor-widget-container\">\n\t\t\t<h3 class=\"elementor-heading-title elementor-size-default\">Module<\/h3>\t\t<\/div>\n\t\t\t\t<\/div>\n\t\t\t\t<div class=\"elementor-element elementor-element-9f69bfb gallery-spacing-custom elementor-widget elementor-widget-image-gallery\" data-id=\"9f69bfb\" data-element_type=\"widget\" data-widget_type=\"image-gallery.default\">\n\t\t\t\t<div class=\"elementor-widget-container\">\n\t\t\t\t\t<div class=\"elementor-image-gallery\">\n\t\t\t<div id='gallery-2' class='gallery galleryid-1511 gallery-columns-2 gallery-size-full'><figure class='gallery-item'>\n\t\t\t<div class='gallery-icon landscape'>\n\t\t\t\t<a data-elementor-open-lightbox=\"yes\" data-elementor-lightbox-slideshow=\"9f69bfb\" data-elementor-lightbox-title=\"Preparazione001-1080x675\" href='https:\/\/www.dabermatic.it\/wp-content\/uploads\/2019\/08\/Preparazione001-1080x675.jpg'><img width=\"1080\" height=\"675\" src=\"https:\/\/www.dabermatic.it\/wp-content\/uploads\/2019\/08\/Preparazione001-1080x675.jpg\" class=\"attachment-full size-full\" alt=\"\" loading=\"lazy\" srcset=\"https:\/\/www.dabermatic.it\/wp-content\/uploads\/2019\/08\/Preparazione001-1080x675.jpg 1080w, https:\/\/www.dabermatic.it\/wp-content\/uploads\/2019\/08\/Preparazione001-1080x675-300x188.jpg 300w, https:\/\/www.dabermatic.it\/wp-content\/uploads\/2019\/08\/Preparazione001-1080x675-768x480.jpg 768w, https:\/\/www.dabermatic.it\/wp-content\/uploads\/2019\/08\/Preparazione001-1080x675-1024x640.jpg 1024w\" sizes=\"(max-width: 1080px) 100vw, 1080px\" \/><\/a>\n\t\t\t<\/div><\/figure><figure class='gallery-item'>\n\t\t\t<div class='gallery-icon landscape'>\n\t\t\t\t<a data-elementor-open-lightbox=\"yes\" data-elementor-lightbox-slideshow=\"9f69bfb\" data-elementor-lightbox-title=\"Preparazione003-1080x675\" href='https:\/\/www.dabermatic.it\/wp-content\/uploads\/2019\/08\/Preparazione003-1080x675.jpg'><img width=\"1080\" height=\"675\" src=\"https:\/\/www.dabermatic.it\/wp-content\/uploads\/2019\/08\/Preparazione003-1080x675.jpg\" class=\"attachment-full size-full\" alt=\"\" loading=\"lazy\" srcset=\"https:\/\/www.dabermatic.it\/wp-content\/uploads\/2019\/08\/Preparazione003-1080x675.jpg 1080w, https:\/\/www.dabermatic.it\/wp-content\/uploads\/2019\/08\/Preparazione003-1080x675-300x188.jpg 300w, https:\/\/www.dabermatic.it\/wp-content\/uploads\/2019\/08\/Preparazione003-1080x675-768x480.jpg 768w, https:\/\/www.dabermatic.it\/wp-content\/uploads\/2019\/08\/Preparazione003-1080x675-1024x640.jpg 1024w\" sizes=\"(max-width: 1080px) 100vw, 1080px\" \/><\/a>\n\t\t\t<\/div><\/figure><figure class='gallery-item'>\n\t\t\t<div class='gallery-icon landscape'>\n\t\t\t\t<a data-elementor-open-lightbox=\"yes\" data-elementor-lightbox-slideshow=\"9f69bfb\" data-elementor-lightbox-title=\"Preparazione004-1080x675\" href='https:\/\/www.dabermatic.it\/wp-content\/uploads\/2019\/08\/Preparazione004-1080x675.jpg'><img width=\"1080\" height=\"675\" src=\"https:\/\/www.dabermatic.it\/wp-content\/uploads\/2019\/08\/Preparazione004-1080x675.jpg\" class=\"attachment-full size-full\" alt=\"\" loading=\"lazy\" srcset=\"https:\/\/www.dabermatic.it\/wp-content\/uploads\/2019\/08\/Preparazione004-1080x675.jpg 1080w, https:\/\/www.dabermatic.it\/wp-content\/uploads\/2019\/08\/Preparazione004-1080x675-300x188.jpg 300w, https:\/\/www.dabermatic.it\/wp-content\/uploads\/2019\/08\/Preparazione004-1080x675-768x480.jpg 768w, https:\/\/www.dabermatic.it\/wp-content\/uploads\/2019\/08\/Preparazione004-1080x675-1024x640.jpg 1024w\" sizes=\"(max-width: 1080px) 100vw, 1080px\" \/><\/a>\n\t\t\t<\/div><\/figure><figure class='gallery-item'>\n\t\t\t<div class='gallery-icon landscape'>\n\t\t\t\t<a data-elementor-open-lightbox=\"yes\" data-elementor-lightbox-slideshow=\"9f69bfb\" data-elementor-lightbox-title=\"Preparazione009\" href='https:\/\/www.dabermatic.it\/wp-content\/uploads\/2019\/08\/Preparazione009.jpg'><img width=\"1920\" height=\"1080\" src=\"https:\/\/www.dabermatic.it\/wp-content\/uploads\/2019\/08\/Preparazione009.jpg\" class=\"attachment-full size-full\" alt=\"\" loading=\"lazy\" srcset=\"https:\/\/www.dabermatic.it\/wp-content\/uploads\/2019\/08\/Preparazione009.jpg 1920w, https:\/\/www.dabermatic.it\/wp-content\/uploads\/2019\/08\/Preparazione009-300x169.jpg 300w, https:\/\/www.dabermatic.it\/wp-content\/uploads\/2019\/08\/Preparazione009-768x432.jpg 768w, https:\/\/www.dabermatic.it\/wp-content\/uploads\/2019\/08\/Preparazione009-1024x576.jpg 1024w\" sizes=\"(max-width: 1920px) 100vw, 1920px\" \/><\/a>\n\t\t\t<\/div><\/figure>\n\t\t<\/div>\n\t\t<\/div>\n\t\t\t\t<\/div>\n\t\t\t\t<\/div>\n\t\t\t\t\t\t<\/div>\n\t\t\t\t\t<\/div>\n\t\t<\/div>\n\t\t\t\t\t\t\t\t<\/div>\n\t\t\t\t\t<\/div>\n\t\t<\/section>\n\t\t\t\t\t\t<\/div>\n\t\t\t\t\t\t<\/div>\n\t\t\t\t\t<\/div>","protected":false},"excerpt":{"rendered":"<p>Arredo inox su misura Elementi modulari componibili e su misura per realizzare la soluzione pi\u00f9 idonea alle Vostre necessit\u00e0. RICHIEDI INFORMAZIONI In un impianto di ristorazione professionale moderno, l&#8217;attenzione con cui si progettano e realizzano le varie aree di preparazione degli alimenti pre e post cottura deve essere rivolta alla ricerca della massima funzionalit\u00e0 e [&hellip;]<\/p>","protected":false},"author":4,"featured_media":0,"parent":0,"menu_order":0,"comment_status":"closed","ping_status":"closed","template":"elementor_header_footer","meta":[],"yoast_head":"<!-- This site is optimized with the Yoast SEO plugin v18.0 - https:\/\/yoast.com\/wordpress\/plugins\/seo\/ -->\n<title>Arredo Inox su misura - Dabermatic a Bolzano<\/title>\n<meta name=\"description\" content=\"Arredo Inox su misura - Dabermatic a Bolzano. In un impianto di ristorazione professionale moderno, l\u2019attenzione.....\" \/>\n<meta name=\"robots\" content=\"index, follow, max-snippet:-1, max-image-preview:large, max-video-preview:-1\" \/>\n<link rel=\"canonical\" href=\"https:\/\/www.dabermatic.it\/de\/arredo-inox\/\" \/>\n<meta property=\"og:locale\" content=\"de_DE\" \/>\n<meta property=\"og:type\" content=\"article\" \/>\n<meta property=\"og:title\" content=\"Arredo Inox su misura - Dabermatic a Bolzano\" \/>\n<meta property=\"og:description\" content=\"Arredo Inox su misura - Dabermatic a Bolzano. In un impianto di ristorazione professionale moderno, l\u2019attenzione.....\" \/>\n<meta property=\"og:url\" content=\"https:\/\/www.dabermatic.it\/de\/arredo-inox\/\" \/>\n<meta property=\"og:site_name\" content=\"Dabermatic\" \/>\n<meta property=\"article:modified_time\" content=\"2021-12-22T10:40:10+00:00\" \/>\n<meta property=\"og:image\" content=\"https:\/\/www.dabermatic.it\/wp-content\/uploads\/2019\/05\/arrow-ico.png\" \/>\n<meta name=\"twitter:card\" content=\"summary_large_image\" \/>\n<meta name=\"twitter:label1\" content=\"Gesch\u00e4tzte Lesezeit\" \/>\n\t<meta name=\"twitter:data1\" content=\"1\u00a0Minute\" \/>\n<script type=\"application\/ld+json\" class=\"yoast-schema-graph\">{\"@context\":\"https:\/\/schema.org\",\"@graph\":[{\"@type\":\"WebSite\",\"@id\":\"https:\/\/www.dabermatic.it\/#website\",\"url\":\"https:\/\/www.dabermatic.it\/\",\"name\":\"Dabermatic\",\"description\":\"\",\"potentialAction\":[{\"@type\":\"SearchAction\",\"target\":{\"@type\":\"EntryPoint\",\"urlTemplate\":\"https:\/\/www.dabermatic.it\/?s={search_term_string}\"},\"query-input\":\"required name=search_term_string\"}],\"inLanguage\":\"de\"},{\"@type\":\"ImageObject\",\"@id\":\"https:\/\/www.dabermatic.it\/arredo-inox\/#primaryimage\",\"inLanguage\":\"de\",\"url\":\"https:\/\/www.dabermatic.it\/wp-content\/uploads\/2019\/05\/arrow-ico.png\",\"contentUrl\":\"https:\/\/www.dabermatic.it\/wp-content\/uploads\/2019\/05\/arrow-ico.png\",\"width\":55,\"height\":69},{\"@type\":\"WebPage\",\"@id\":\"https:\/\/www.dabermatic.it\/arredo-inox\/#webpage\",\"url\":\"https:\/\/www.dabermatic.it\/arredo-inox\/\",\"name\":\"Arredo Inox su misura - Dabermatic a Bolzano\",\"isPartOf\":{\"@id\":\"https:\/\/www.dabermatic.it\/#website\"},\"primaryImageOfPage\":{\"@id\":\"https:\/\/www.dabermatic.it\/arredo-inox\/#primaryimage\"},\"datePublished\":\"2019-05-07T06:37:03+00:00\",\"dateModified\":\"2021-12-22T10:40:10+00:00\",\"description\":\"Arredo Inox su misura - Dabermatic a Bolzano. In un impianto di ristorazione professionale moderno, l\u2019attenzione.....\",\"breadcrumb\":{\"@id\":\"https:\/\/www.dabermatic.it\/arredo-inox\/#breadcrumb\"},\"inLanguage\":\"de\",\"potentialAction\":[{\"@type\":\"ReadAction\",\"target\":[\"https:\/\/www.dabermatic.it\/arredo-inox\/\"]}]},{\"@type\":\"BreadcrumbList\",\"@id\":\"https:\/\/www.dabermatic.it\/arredo-inox\/#breadcrumb\",\"itemListElement\":[{\"@type\":\"ListItem\",\"position\":1,\"name\":\"Home\",\"item\":\"https:\/\/www.dabermatic.it\/\"},{\"@type\":\"ListItem\",\"position\":2,\"name\":\"Arredo Inox su misura\"}]}]}<\/script>\n<!-- \/ Yoast SEO plugin. -->","yoast_head_json":{"title":"Arredo Inox su misura - Dabermatic a Bolzano","description":"Arredo Inox su misura - Dabermatic a Bolzano. In un impianto di ristorazione professionale moderno, l\u2019attenzione.....","robots":{"index":"index","follow":"follow","max-snippet":"max-snippet:-1","max-image-preview":"max-image-preview:large","max-video-preview":"max-video-preview:-1"},"canonical":"https:\/\/www.dabermatic.it\/de\/arredo-inox\/","og_locale":"de_DE","og_type":"article","og_title":"Arredo Inox su misura - Dabermatic a Bolzano","og_description":"Arredo Inox su misura - Dabermatic a Bolzano. In un impianto di ristorazione professionale moderno, l\u2019attenzione.....","og_url":"https:\/\/www.dabermatic.it\/de\/arredo-inox\/","og_site_name":"Dabermatic","article_modified_time":"2021-12-22T10:40:10+00:00","og_image":[{"url":"https:\/\/www.dabermatic.it\/wp-content\/uploads\/2019\/05\/arrow-ico.png"}],"twitter_card":"summary_large_image","twitter_misc":{"Gesch\u00e4tzte Lesezeit":"1\u00a0Minute"},"schema":{"@context":"https:\/\/schema.org","@graph":[{"@type":"WebSite","@id":"https:\/\/www.dabermatic.it\/#website","url":"https:\/\/www.dabermatic.it\/","name":"Dabermatic","description":"","potentialAction":[{"@type":"SearchAction","target":{"@type":"EntryPoint","urlTemplate":"https:\/\/www.dabermatic.it\/?s={search_term_string}"},"query-input":"required name=search_term_string"}],"inLanguage":"de"},{"@type":"ImageObject","@id":"https:\/\/www.dabermatic.it\/arredo-inox\/#primaryimage","inLanguage":"de","url":"https:\/\/www.dabermatic.it\/wp-content\/uploads\/2019\/05\/arrow-ico.png","contentUrl":"https:\/\/www.dabermatic.it\/wp-content\/uploads\/2019\/05\/arrow-ico.png","width":55,"height":69},{"@type":"WebPage","@id":"https:\/\/www.dabermatic.it\/arredo-inox\/#webpage","url":"https:\/\/www.dabermatic.it\/arredo-inox\/","name":"Arredo Inox su misura - Dabermatic a Bolzano","isPartOf":{"@id":"https:\/\/www.dabermatic.it\/#website"},"primaryImageOfPage":{"@id":"https:\/\/www.dabermatic.it\/arredo-inox\/#primaryimage"},"datePublished":"2019-05-07T06:37:03+00:00","dateModified":"2021-12-22T10:40:10+00:00","description":"Arredo Inox su misura - Dabermatic a Bolzano. In un impianto di ristorazione professionale moderno, l\u2019attenzione.....","breadcrumb":{"@id":"https:\/\/www.dabermatic.it\/arredo-inox\/#breadcrumb"},"inLanguage":"de","potentialAction":[{"@type":"ReadAction","target":["https:\/\/www.dabermatic.it\/arredo-inox\/"]}]},{"@type":"BreadcrumbList","@id":"https:\/\/www.dabermatic.it\/arredo-inox\/#breadcrumb","itemListElement":[{"@type":"ListItem","position":1,"name":"Home","item":"https:\/\/www.dabermatic.it\/"},{"@type":"ListItem","position":2,"name":"Arredo Inox su misura"}]}]}},"_links":{"self":[{"href":"https:\/\/www.dabermatic.it\/de\/wp-json\/wp\/v2\/pages\/1511"}],"collection":[{"href":"https:\/\/www.dabermatic.it\/de\/wp-json\/wp\/v2\/pages"}],"about":[{"href":"https:\/\/www.dabermatic.it\/de\/wp-json\/wp\/v2\/types\/page"}],"author":[{"embeddable":true,"href":"https:\/\/www.dabermatic.it\/de\/wp-json\/wp\/v2\/users\/4"}],"replies":[{"embeddable":true,"href":"https:\/\/www.dabermatic.it\/de\/wp-json\/wp\/v2\/comments?post=1511"}],"version-history":[{"count":36,"href":"https:\/\/www.dabermatic.it\/de\/wp-json\/wp\/v2\/pages\/1511\/revisions"}],"predecessor-version":[{"id":2630,"href":"https:\/\/www.dabermatic.it\/de\/wp-json\/wp\/v2\/pages\/1511\/revisions\/2630"}],"wp:attachment":[{"href":"https:\/\/www.dabermatic.it\/de\/wp-json\/wp\/v2\/media?parent=1511"}],"curies":[{"name":"wp","href":"https:\/\/api.w.org\/{rel}","templated":true}]}}