{"id":1525,"date":"2019-05-07T08:53:13","date_gmt":"2019-05-07T06:53:13","guid":{"rendered":"https:\/\/www.dabermatic.it\/?page_id=1525"},"modified":"2021-12-22T12:06:56","modified_gmt":"2021-12-22T11:06:56","slug":"forni-combinati","status":"publish","type":"page","link":"https:\/\/www.dabermatic.it\/de\/forni-combinati\/","title":{"rendered":"Kombid\u00e4mpfer"},"content":{"rendered":"<div data-elementor-type=\"wp-post\" data-elementor-id=\"1525\" class=\"elementor elementor-1525\" data-elementor-settings=\"[]\">\n\t\t\t\t\t\t<div class=\"elementor-inner\">\n\t\t\t\t\t\t\t<div class=\"elementor-section-wrap\">\n\t\t\t\t\t\t\t<section class=\"elementor-section elementor-top-section elementor-element elementor-element-2581985b elementor-section-stretched elementor-section-boxed elementor-section-height-default elementor-section-height-default\" data-id=\"2581985b\" data-element_type=\"section\" data-settings=\"{&quot;stretch_section&quot;:&quot;section-stretched&quot;,&quot;background_background&quot;:&quot;classic&quot;}\">\n\t\t\t\t\t\t<div class=\"elementor-container elementor-column-gap-default\">\n\t\t\t\t\t\t\t<div class=\"elementor-row\">\n\t\t\t\t\t<div class=\"elementor-column elementor-col-66 elementor-top-column elementor-element elementor-element-55a339f7\" data-id=\"55a339f7\" data-element_type=\"column\">\n\t\t\t<div class=\"elementor-column-wrap elementor-element-populated\">\n\t\t\t\t\t\t\t<div class=\"elementor-widget-wrap\">\n\t\t\t\t\t\t<div class=\"elementor-element elementor-element-4596a9d8 elementor-widget elementor-widget-heading\" data-id=\"4596a9d8\" data-element_type=\"widget\" data-widget_type=\"heading.default\">\n\t\t\t\t<div class=\"elementor-widget-container\">\n\t\t\t<h1 class=\"elementor-heading-title elementor-size-default\">Kombid\u00e4mpfer<\/h1>\t\t<\/div>\n\t\t\t\t<\/div>\n\t\t\t\t<div class=\"elementor-element elementor-element-76839e70 elementor-widget elementor-widget-text-editor\" data-id=\"76839e70\" data-element_type=\"widget\" data-widget_type=\"text-editor.default\">\n\t\t\t\t<div class=\"elementor-widget-container\">\n\t\t\t\t\t\t\t\t<div class=\"elementor-text-editor elementor-clearfix\">\n\t\t\t\tDie ideale L\u00f6sung f\u00fcr alle Anforderungen im Gastst\u00e4ttengewerbe, Take Away, Catering und bei der Essenszubereitung.\t\t\t\t\t<\/div>\n\t\t\t\t\t\t<\/div>\n\t\t\t\t<\/div>\n\t\t\t\t<div class=\"elementor-element elementor-element-abbf74d elementor-align-left elementor-mobile-align-justify elementor-widget elementor-widget-button\" data-id=\"abbf74d\" data-element_type=\"widget\" data-widget_type=\"button.default\">\n\t\t\t\t<div class=\"elementor-widget-container\">\n\t\t\t\t\t<div class=\"elementor-button-wrapper\">\n\t\t\t<a href=\"https:\/\/www.dabermatic.it\/de\/contatti\/\" class=\"elementor-button-link elementor-button elementor-size-md\" role=\"button\">\n\t\t\t\t\t\t<span class=\"elementor-button-content-wrapper\">\n\t\t\t\t\t\t<span class=\"elementor-button-text\">INFORMATIONEN ANFORDERN<\/span>\n\t\t<\/span>\n\t\t\t\t\t<\/a>\n\t\t<\/div>\n\t\t\t\t<\/div>\n\t\t\t\t<\/div>\n\t\t\t\t\t\t<\/div>\n\t\t\t\t\t<\/div>\n\t\t<\/div>\n\t\t\t\t<div class=\"elementor-column elementor-col-33 elementor-top-column elementor-element elementor-element-594868bc\" data-id=\"594868bc\" data-element_type=\"column\">\n\t\t\t<div class=\"elementor-column-wrap elementor-element-populated\">\n\t\t\t\t\t\t\t<div class=\"elementor-widget-wrap\">\n\t\t\t\t\t\t<div class=\"elementor-element elementor-element-3b6c464b elementor-absolute elementor-hidden-tablet elementor-hidden-phone elementor-widget elementor-widget-image\" data-id=\"3b6c464b\" data-element_type=\"widget\" data-settings=\"{&quot;_position&quot;:&quot;absolute&quot;}\" data-widget_type=\"image.default\">\n\t\t\t\t<div class=\"elementor-widget-container\">\n\t\t\t\t\t\t\t\t<div class=\"elementor-image\">\n\t\t\t\t\t\t\t\t\t\t\t\t\t<a href=\"#prodotti\">\n\t\t\t\t\t\t\t<img width=\"55\" height=\"69\" src=\"https:\/\/www.dabermatic.it\/wp-content\/uploads\/2019\/05\/arrow-ico.png\" class=\"attachment-large size-large\" alt=\"\" loading=\"lazy\" \/>\t\t\t\t\t\t\t\t<\/a>\n\t\t\t\t\t\t\t\t\t\t\t\t\t\t<\/div>\n\t\t\t\t\t\t<\/div>\n\t\t\t\t<\/div>\n\t\t\t\t\t\t<\/div>\n\t\t\t\t\t<\/div>\n\t\t<\/div>\n\t\t\t\t\t\t\t\t<\/div>\n\t\t\t\t\t<\/div>\n\t\t<\/section>\n\t\t\t\t<section class=\"elementor-section elementor-top-section elementor-element elementor-element-89a3c48 elementor-section-boxed elementor-section-height-default elementor-section-height-default\" data-id=\"89a3c48\" data-element_type=\"section\">\n\t\t\t\t\t\t<div class=\"elementor-container elementor-column-gap-default\">\n\t\t\t\t\t\t\t<div class=\"elementor-row\">\n\t\t\t\t\t<div class=\"elementor-column elementor-col-100 elementor-top-column elementor-element elementor-element-ae785fe\" data-id=\"ae785fe\" data-element_type=\"column\">\n\t\t\t<div class=\"elementor-column-wrap elementor-element-populated\">\n\t\t\t\t\t\t\t<div class=\"elementor-widget-wrap\">\n\t\t\t\t\t\t<div class=\"elementor-element elementor-element-fe9d143 elementor-widget elementor-widget-heading\" data-id=\"fe9d143\" data-element_type=\"widget\" data-widget_type=\"heading.default\">\n\t\t\t\t<div class=\"elementor-widget-container\">\n\t\t\t<h2 class=\"elementor-heading-title elementor-size-default\">ACT.O Kombid\u00e4mpfer<\/h2>\t\t<\/div>\n\t\t\t\t<\/div>\n\t\t\t\t<div class=\"elementor-element elementor-element-5fa9560 elementor-widget elementor-widget-text-editor\" data-id=\"5fa9560\" data-element_type=\"widget\" data-widget_type=\"text-editor.default\">\n\t\t\t\t<div class=\"elementor-widget-container\">\n\t\t\t\t\t\t\t\t<div class=\"elementor-text-editor elementor-clearfix\">\n\t\t\t\t<p class=\" translation-block\">ACT.O nennt sich der neue Standard der Kombid\u00e4mpfer von Angelo Po. Diese Profi-Ausstattung steht jedem Koch zur Verf\u00fcgung und bietet vor allem eine multimediale Plattform, die eine Optimierung der Ressourcen und die Erzielung maximaler Effizienz zul\u00e4sst.<\/p><p>Neben den herausragenden Garleistungen vernetzt sich ACT.O mit dem gesamten K\u00fcchenpersonal \u00fcber das hochaufl\u00f6sende Bedienfeld, mobile Ger\u00e4te (Tablets und Smartphones) oder den B\u00fcrocomputer. Innovative Technologie im Dienste des Gastst\u00e4ttengewerbes: Mit nur einem Instrument werden die Koch-, Wasch- und Kontrollprozesse bestens gesteuert.<\/p>\t\t\t\t\t<\/div>\n\t\t\t\t\t\t<\/div>\n\t\t\t\t<\/div>\n\t\t\t\t\t\t<\/div>\n\t\t\t\t\t<\/div>\n\t\t<\/div>\n\t\t\t\t\t\t\t\t<\/div>\n\t\t\t\t\t<\/div>\n\t\t<\/section>\n\t\t\t\t<section class=\"elementor-section elementor-top-section elementor-element elementor-element-26ff6f3 elementor-section-boxed elementor-section-height-default elementor-section-height-default\" data-id=\"26ff6f3\" data-element_type=\"section\">\n\t\t\t\t\t\t<div class=\"elementor-container elementor-column-gap-default\">\n\t\t\t\t\t\t\t<div class=\"elementor-row\">\n\t\t\t\t\t<div class=\"elementor-column elementor-col-100 elementor-top-column elementor-element elementor-element-6153bc2\" data-id=\"6153bc2\" data-element_type=\"column\">\n\t\t\t<div class=\"elementor-column-wrap elementor-element-populated\">\n\t\t\t\t\t\t\t<div class=\"elementor-widget-wrap\">\n\t\t\t\t\t\t<div class=\"elementor-element elementor-element-2d49945 elementor-widget elementor-widget-image\" data-id=\"2d49945\" data-element_type=\"widget\" data-widget_type=\"image.default\">\n\t\t\t\t<div class=\"elementor-widget-container\">\n\t\t\t\t\t\t\t\t<div class=\"elementor-image\">\n\t\t\t\t\t\t\t\t\t\t\t\t<img width=\"1024\" height=\"484\" src=\"https:\/\/www.dabermatic.it\/wp-content\/uploads\/2019\/08\/ACTO-COVER-1024x484.png\" class=\"attachment-large size-large\" alt=\"\" loading=\"lazy\" srcset=\"https:\/\/www.dabermatic.it\/wp-content\/uploads\/2019\/08\/ACTO-COVER-1024x484.png 1024w, https:\/\/www.dabermatic.it\/wp-content\/uploads\/2019\/08\/ACTO-COVER-300x142.png 300w, https:\/\/www.dabermatic.it\/wp-content\/uploads\/2019\/08\/ACTO-COVER-768x363.png 768w, https:\/\/www.dabermatic.it\/wp-content\/uploads\/2019\/08\/ACTO-COVER.png 1060w\" sizes=\"(max-width: 1024px) 100vw, 1024px\" \/>\t\t\t\t\t\t\t\t\t\t\t\t\t\t<\/div>\n\t\t\t\t\t\t<\/div>\n\t\t\t\t<\/div>\n\t\t\t\t\t\t<\/div>\n\t\t\t\t\t<\/div>\n\t\t<\/div>\n\t\t\t\t\t\t\t\t<\/div>\n\t\t\t\t\t<\/div>\n\t\t<\/section>\n\t\t\t\t<section class=\"elementor-section elementor-top-section elementor-element elementor-element-b5aa66b elementor-section-boxed elementor-section-height-default elementor-section-height-default\" data-id=\"b5aa66b\" data-element_type=\"section\" data-settings=\"{&quot;background_background&quot;:&quot;classic&quot;}\">\n\t\t\t\t\t\t<div class=\"elementor-container elementor-column-gap-default\">\n\t\t\t\t\t\t\t<div class=\"elementor-row\">\n\t\t\t\t\t<div class=\"elementor-column elementor-col-100 elementor-top-column elementor-element elementor-element-dcbaeab\" data-id=\"dcbaeab\" data-element_type=\"column\">\n\t\t\t<div class=\"elementor-column-wrap elementor-element-populated\">\n\t\t\t\t\t\t\t<div class=\"elementor-widget-wrap\">\n\t\t\t\t\t\t<div class=\"elementor-element elementor-element-9d24622 elementor-widget elementor-widget-heading\" data-id=\"9d24622\" data-element_type=\"widget\" data-widget_type=\"heading.default\">\n\t\t\t\t<div class=\"elementor-widget-container\">\n\t\t\t<h2 class=\"elementor-heading-title elementor-size-default\">Combifit<\/h2>\t\t<\/div>\n\t\t\t\t<\/div>\n\t\t\t\t<div class=\"elementor-element elementor-element-3294c40 elementor-widget elementor-widget-text-editor\" data-id=\"3294c40\" data-element_type=\"widget\" data-widget_type=\"text-editor.default\">\n\t\t\t\t<div class=\"elementor-widget-container\">\n\t\t\t\t\t\t\t\t<div class=\"elementor-text-editor elementor-clearfix\">\n\t\t\t\t<p class=\" translation-block\">Der neue kompakte Kombid\u00e4mpfer COMBIFIT wurde entwickelt, um das BESTM\u00d6GLICHE Leistungs-\/Gr\u00f6\u00dfenverh\u00e4ltnis zu garantieren. Mit einer Breite von nur 52 cm beansprucht er nur die H\u00c4LFTE DES PLATZBEDARFS eines Standard-Kombid\u00e4mpfers.<\/p><p>Dieser kleiner, aber dennoch gro\u00dfartige Kombid\u00e4mpfer erweist sich als Konzentrat an Technologie.<\/p>\t\t\t\t\t<\/div>\n\t\t\t\t\t\t<\/div>\n\t\t\t\t<\/div>\n\t\t\t\t\t\t<\/div>\n\t\t\t\t\t<\/div>\n\t\t<\/div>\n\t\t\t\t\t\t\t\t<\/div>\n\t\t\t\t\t<\/div>\n\t\t<\/section>\n\t\t\t\t<section class=\"elementor-section elementor-top-section elementor-element elementor-element-634cda3 elementor-section-boxed elementor-section-height-default elementor-section-height-default\" data-id=\"634cda3\" data-element_type=\"section\" data-settings=\"{&quot;background_background&quot;:&quot;classic&quot;}\">\n\t\t\t\t\t\t<div class=\"elementor-container elementor-column-gap-default\">\n\t\t\t\t\t\t\t<div class=\"elementor-row\">\n\t\t\t\t\t<div class=\"elementor-column elementor-col-100 elementor-top-column elementor-element elementor-element-d14b262\" data-id=\"d14b262\" data-element_type=\"column\">\n\t\t\t<div class=\"elementor-column-wrap elementor-element-populated\">\n\t\t\t\t\t\t\t<div class=\"elementor-widget-wrap\">\n\t\t\t\t\t\t<div class=\"elementor-element elementor-element-5a33d05 elementor-widget elementor-widget-image\" data-id=\"5a33d05\" data-element_type=\"widget\" data-widget_type=\"image.default\">\n\t\t\t\t<div class=\"elementor-widget-container\">\n\t\t\t\t\t\t\t\t<div class=\"elementor-image\">\n\t\t\t\t\t\t\t\t\t\t\t\t<img width=\"800\" height=\"428\" src=\"https:\/\/www.dabermatic.it\/wp-content\/uploads\/2019\/08\/COMBIFIT-back.jpg\" class=\"attachment-large size-large\" alt=\"\" loading=\"lazy\" srcset=\"https:\/\/www.dabermatic.it\/wp-content\/uploads\/2019\/08\/COMBIFIT-back.jpg 800w, https:\/\/www.dabermatic.it\/wp-content\/uploads\/2019\/08\/COMBIFIT-back-300x161.jpg 300w, https:\/\/www.dabermatic.it\/wp-content\/uploads\/2019\/08\/COMBIFIT-back-768x411.jpg 768w\" sizes=\"(max-width: 800px) 100vw, 800px\" \/>\t\t\t\t\t\t\t\t\t\t\t\t\t\t<\/div>\n\t\t\t\t\t\t<\/div>\n\t\t\t\t<\/div>\n\t\t\t\t\t\t<\/div>\n\t\t\t\t\t<\/div>\n\t\t<\/div>\n\t\t\t\t\t\t\t\t<\/div>\n\t\t\t\t\t<\/div>\n\t\t<\/section>\n\t\t\t\t\t\t<\/div>\n\t\t\t\t\t\t<\/div>\n\t\t\t\t\t<\/div>","protected":false},"excerpt":{"rendered":"<p>Forni combinati La soluzione ideale per risovere tutte le esigenze nella ristorazione professionale, nel Take Away, nel Catering e nei centri di cottura pasti. RICHIEDI INFORMAZIONI Forni ACT.O ACT.O \u00e8 il nuovo standard per i forni combinati firmato Angelo Po: un\u2019attrezzatura per la ristorazione professionale completa a disposizione di ogni chef ma, soprattutto, una piattaforma [&hellip;]<\/p>","protected":false},"author":4,"featured_media":0,"parent":0,"menu_order":0,"comment_status":"closed","ping_status":"closed","template":"elementor_header_footer","meta":[],"yoast_head":"<!-- This site is optimized with the Yoast SEO plugin v18.0 - https:\/\/yoast.com\/wordpress\/plugins\/seo\/ -->\n<title>Forni combinati - Dabermatic a Bolzano<\/title>\n<meta name=\"description\" content=\"Forni combinati - Dabermatic a Bolzano. ACT.O \u00e8 il nuovo standard per i forni combinati firmato Angelo Po: un\u2019attrezzatura...\" \/>\n<meta name=\"robots\" content=\"index, follow, max-snippet:-1, max-image-preview:large, max-video-preview:-1\" \/>\n<link rel=\"canonical\" href=\"https:\/\/www.dabermatic.it\/de\/forni-combinati\/\" \/>\n<meta property=\"og:locale\" content=\"de_DE\" \/>\n<meta property=\"og:type\" content=\"article\" \/>\n<meta property=\"og:title\" content=\"Forni combinati - Dabermatic a Bolzano\" \/>\n<meta property=\"og:description\" content=\"Forni combinati - Dabermatic a Bolzano. ACT.O \u00e8 il nuovo standard per i forni combinati firmato Angelo Po: un\u2019attrezzatura...\" \/>\n<meta property=\"og:url\" content=\"https:\/\/www.dabermatic.it\/de\/forni-combinati\/\" \/>\n<meta property=\"og:site_name\" content=\"Dabermatic\" \/>\n<meta property=\"article:modified_time\" content=\"2021-12-22T11:06:56+00:00\" \/>\n<meta property=\"og:image\" content=\"https:\/\/www.dabermatic.it\/wp-content\/uploads\/2019\/05\/arrow-ico.png\" \/>\n<meta name=\"twitter:card\" content=\"summary_large_image\" \/>\n<meta name=\"twitter:label1\" content=\"Gesch\u00e4tzte Lesezeit\" \/>\n\t<meta name=\"twitter:data1\" content=\"1\u00a0Minute\" \/>\n<script type=\"application\/ld+json\" class=\"yoast-schema-graph\">{\"@context\":\"https:\/\/schema.org\",\"@graph\":[{\"@type\":\"WebSite\",\"@id\":\"https:\/\/www.dabermatic.it\/#website\",\"url\":\"https:\/\/www.dabermatic.it\/\",\"name\":\"Dabermatic\",\"description\":\"\",\"potentialAction\":[{\"@type\":\"SearchAction\",\"target\":{\"@type\":\"EntryPoint\",\"urlTemplate\":\"https:\/\/www.dabermatic.it\/?s={search_term_string}\"},\"query-input\":\"required name=search_term_string\"}],\"inLanguage\":\"de\"},{\"@type\":\"ImageObject\",\"@id\":\"https:\/\/www.dabermatic.it\/forni-combinati\/#primaryimage\",\"inLanguage\":\"de\",\"url\":\"https:\/\/www.dabermatic.it\/wp-content\/uploads\/2019\/05\/arrow-ico.png\",\"contentUrl\":\"https:\/\/www.dabermatic.it\/wp-content\/uploads\/2019\/05\/arrow-ico.png\",\"width\":55,\"height\":69},{\"@type\":\"WebPage\",\"@id\":\"https:\/\/www.dabermatic.it\/forni-combinati\/#webpage\",\"url\":\"https:\/\/www.dabermatic.it\/forni-combinati\/\",\"name\":\"Forni combinati - Dabermatic a Bolzano\",\"isPartOf\":{\"@id\":\"https:\/\/www.dabermatic.it\/#website\"},\"primaryImageOfPage\":{\"@id\":\"https:\/\/www.dabermatic.it\/forni-combinati\/#primaryimage\"},\"datePublished\":\"2019-05-07T06:53:13+00:00\",\"dateModified\":\"2021-12-22T11:06:56+00:00\",\"description\":\"Forni combinati - Dabermatic a Bolzano. ACT.O \u00e8 il nuovo standard per i forni combinati firmato Angelo Po: un\u2019attrezzatura...\",\"breadcrumb\":{\"@id\":\"https:\/\/www.dabermatic.it\/forni-combinati\/#breadcrumb\"},\"inLanguage\":\"de\",\"potentialAction\":[{\"@type\":\"ReadAction\",\"target\":[\"https:\/\/www.dabermatic.it\/forni-combinati\/\"]}]},{\"@type\":\"BreadcrumbList\",\"@id\":\"https:\/\/www.dabermatic.it\/forni-combinati\/#breadcrumb\",\"itemListElement\":[{\"@type\":\"ListItem\",\"position\":1,\"name\":\"Home\",\"item\":\"https:\/\/www.dabermatic.it\/\"},{\"@type\":\"ListItem\",\"position\":2,\"name\":\"Forni combinati\"}]}]}<\/script>\n<!-- \/ Yoast SEO plugin. -->","yoast_head_json":{"title":"Forni combinati - Dabermatic a Bolzano","description":"Forni combinati - Dabermatic a Bolzano. ACT.O \u00e8 il nuovo standard per i forni combinati firmato Angelo Po: un\u2019attrezzatura...","robots":{"index":"index","follow":"follow","max-snippet":"max-snippet:-1","max-image-preview":"max-image-preview:large","max-video-preview":"max-video-preview:-1"},"canonical":"https:\/\/www.dabermatic.it\/de\/forni-combinati\/","og_locale":"de_DE","og_type":"article","og_title":"Forni combinati - Dabermatic a Bolzano","og_description":"Forni combinati - Dabermatic a Bolzano. ACT.O \u00e8 il nuovo standard per i forni combinati firmato Angelo Po: un\u2019attrezzatura...","og_url":"https:\/\/www.dabermatic.it\/de\/forni-combinati\/","og_site_name":"Dabermatic","article_modified_time":"2021-12-22T11:06:56+00:00","og_image":[{"url":"https:\/\/www.dabermatic.it\/wp-content\/uploads\/2019\/05\/arrow-ico.png"}],"twitter_card":"summary_large_image","twitter_misc":{"Gesch\u00e4tzte Lesezeit":"1\u00a0Minute"},"schema":{"@context":"https:\/\/schema.org","@graph":[{"@type":"WebSite","@id":"https:\/\/www.dabermatic.it\/#website","url":"https:\/\/www.dabermatic.it\/","name":"Dabermatic","description":"","potentialAction":[{"@type":"SearchAction","target":{"@type":"EntryPoint","urlTemplate":"https:\/\/www.dabermatic.it\/?s={search_term_string}"},"query-input":"required name=search_term_string"}],"inLanguage":"de"},{"@type":"ImageObject","@id":"https:\/\/www.dabermatic.it\/forni-combinati\/#primaryimage","inLanguage":"de","url":"https:\/\/www.dabermatic.it\/wp-content\/uploads\/2019\/05\/arrow-ico.png","contentUrl":"https:\/\/www.dabermatic.it\/wp-content\/uploads\/2019\/05\/arrow-ico.png","width":55,"height":69},{"@type":"WebPage","@id":"https:\/\/www.dabermatic.it\/forni-combinati\/#webpage","url":"https:\/\/www.dabermatic.it\/forni-combinati\/","name":"Forni combinati - Dabermatic a Bolzano","isPartOf":{"@id":"https:\/\/www.dabermatic.it\/#website"},"primaryImageOfPage":{"@id":"https:\/\/www.dabermatic.it\/forni-combinati\/#primaryimage"},"datePublished":"2019-05-07T06:53:13+00:00","dateModified":"2021-12-22T11:06:56+00:00","description":"Forni combinati - Dabermatic a Bolzano. ACT.O \u00e8 il nuovo standard per i forni combinati firmato Angelo Po: un\u2019attrezzatura...","breadcrumb":{"@id":"https:\/\/www.dabermatic.it\/forni-combinati\/#breadcrumb"},"inLanguage":"de","potentialAction":[{"@type":"ReadAction","target":["https:\/\/www.dabermatic.it\/forni-combinati\/"]}]},{"@type":"BreadcrumbList","@id":"https:\/\/www.dabermatic.it\/forni-combinati\/#breadcrumb","itemListElement":[{"@type":"ListItem","position":1,"name":"Home","item":"https:\/\/www.dabermatic.it\/"},{"@type":"ListItem","position":2,"name":"Forni combinati"}]}]}},"_links":{"self":[{"href":"https:\/\/www.dabermatic.it\/de\/wp-json\/wp\/v2\/pages\/1525"}],"collection":[{"href":"https:\/\/www.dabermatic.it\/de\/wp-json\/wp\/v2\/pages"}],"about":[{"href":"https:\/\/www.dabermatic.it\/de\/wp-json\/wp\/v2\/types\/page"}],"author":[{"embeddable":true,"href":"https:\/\/www.dabermatic.it\/de\/wp-json\/wp\/v2\/users\/4"}],"replies":[{"embeddable":true,"href":"https:\/\/www.dabermatic.it\/de\/wp-json\/wp\/v2\/comments?post=1525"}],"version-history":[{"count":47,"href":"https:\/\/www.dabermatic.it\/de\/wp-json\/wp\/v2\/pages\/1525\/revisions"}],"predecessor-version":[{"id":2640,"href":"https:\/\/www.dabermatic.it\/de\/wp-json\/wp\/v2\/pages\/1525\/revisions\/2640"}],"wp:attachment":[{"href":"https:\/\/www.dabermatic.it\/de\/wp-json\/wp\/v2\/media?parent=1525"}],"curies":[{"name":"wp","href":"https:\/\/api.w.org\/{rel}","templated":true}]}}