{"id":1605,"date":"2019-05-08T13:35:13","date_gmt":"2019-05-08T11:35:13","guid":{"rendered":"https:\/\/www.dabermatic.it\/?page_id=1605"},"modified":"2021-12-22T12:10:48","modified_gmt":"2021-12-22T11:10:48","slug":"lava-biancheria","status":"publish","type":"page","link":"https:\/\/www.dabermatic.it\/de\/lava-biancheria\/","title":{"rendered":"Waschmaschinen"},"content":{"rendered":"<div data-elementor-type=\"wp-post\" data-elementor-id=\"1605\" class=\"elementor elementor-1605\" data-elementor-settings=\"[]\">\n\t\t\t\t\t\t<div class=\"elementor-inner\">\n\t\t\t\t\t\t\t<div class=\"elementor-section-wrap\">\n\t\t\t\t\t\t\t<section class=\"elementor-section elementor-top-section elementor-element elementor-element-414b8fa4 elementor-section-stretched elementor-section-boxed elementor-section-height-default elementor-section-height-default\" data-id=\"414b8fa4\" data-element_type=\"section\" data-settings=\"{&quot;stretch_section&quot;:&quot;section-stretched&quot;,&quot;background_background&quot;:&quot;classic&quot;}\">\n\t\t\t\t\t\t<div class=\"elementor-container elementor-column-gap-default\">\n\t\t\t\t\t\t\t<div class=\"elementor-row\">\n\t\t\t\t\t<div class=\"elementor-column elementor-col-66 elementor-top-column elementor-element elementor-element-77d2b106\" data-id=\"77d2b106\" data-element_type=\"column\">\n\t\t\t<div class=\"elementor-column-wrap elementor-element-populated\">\n\t\t\t\t\t\t\t<div class=\"elementor-widget-wrap\">\n\t\t\t\t\t\t<div class=\"elementor-element elementor-element-7afe497 elementor-widget elementor-widget-heading\" data-id=\"7afe497\" data-element_type=\"widget\" data-widget_type=\"heading.default\">\n\t\t\t\t<div class=\"elementor-widget-container\">\n\t\t\t<h1 class=\"elementor-heading-title elementor-size-default\">Waschmaschinen<\/h1>\t\t<\/div>\n\t\t\t\t<\/div>\n\t\t\t\t<div class=\"elementor-element elementor-element-5b2c87f7 elementor-widget elementor-widget-text-editor\" data-id=\"5b2c87f7\" data-element_type=\"widget\" data-widget_type=\"text-editor.default\">\n\t\t\t\t<div class=\"elementor-widget-container\">\n\t\t\t\t\t\t\t\t<div class=\"elementor-text-editor elementor-clearfix translation-block\">Automatisierte Maschinen garantieren perfekte Sauberkeit und Hygiene \nder Textilien.<\/div>\n\t\t\t\t\t\t<\/div>\n\t\t\t\t<\/div>\n\t\t\t\t<div class=\"elementor-element elementor-element-be044d5 elementor-align-left elementor-mobile-align-justify elementor-widget elementor-widget-button\" data-id=\"be044d5\" data-element_type=\"widget\" data-widget_type=\"button.default\">\n\t\t\t\t<div class=\"elementor-widget-container\">\n\t\t\t\t\t<div class=\"elementor-button-wrapper\">\n\t\t\t<a href=\"https:\/\/www.dabermatic.it\/de\/contatti\/\" class=\"elementor-button-link elementor-button elementor-size-md\" role=\"button\">\n\t\t\t\t\t\t<span class=\"elementor-button-content-wrapper\">\n\t\t\t\t\t\t<span class=\"elementor-button-text\">INFORMATIONEN ANFORDERN<\/span>\n\t\t<\/span>\n\t\t\t\t\t<\/a>\n\t\t<\/div>\n\t\t\t\t<\/div>\n\t\t\t\t<\/div>\n\t\t\t\t\t\t<\/div>\n\t\t\t\t\t<\/div>\n\t\t<\/div>\n\t\t\t\t<div class=\"elementor-column elementor-col-33 elementor-top-column elementor-element elementor-element-5321d29b\" data-id=\"5321d29b\" data-element_type=\"column\">\n\t\t\t<div class=\"elementor-column-wrap elementor-element-populated\">\n\t\t\t\t\t\t\t<div class=\"elementor-widget-wrap\">\n\t\t\t\t\t\t<div class=\"elementor-element elementor-element-7d041fb8 elementor-absolute elementor-hidden-tablet elementor-hidden-phone elementor-widget elementor-widget-image\" data-id=\"7d041fb8\" data-element_type=\"widget\" data-settings=\"{&quot;_position&quot;:&quot;absolute&quot;}\" data-widget_type=\"image.default\">\n\t\t\t\t<div class=\"elementor-widget-container\">\n\t\t\t\t\t\t\t\t<div class=\"elementor-image\">\n\t\t\t\t\t\t\t\t\t\t\t\t\t<a href=\"#prodotti\">\n\t\t\t\t\t\t\t<img width=\"55\" height=\"69\" src=\"https:\/\/www.dabermatic.it\/wp-content\/uploads\/2019\/05\/arrow-ico.png\" class=\"attachment-large size-large\" alt=\"\" loading=\"lazy\" \/>\t\t\t\t\t\t\t\t<\/a>\n\t\t\t\t\t\t\t\t\t\t\t\t\t\t<\/div>\n\t\t\t\t\t\t<\/div>\n\t\t\t\t<\/div>\n\t\t\t\t\t\t<\/div>\n\t\t\t\t\t<\/div>\n\t\t<\/div>\n\t\t\t\t\t\t\t\t<\/div>\n\t\t\t\t\t<\/div>\n\t\t<\/section>\n\t\t\t\t<section class=\"elementor-section elementor-top-section elementor-element elementor-element-5320c605 elementor-reverse-tablet elementor-section-boxed elementor-section-height-default elementor-section-height-default\" data-id=\"5320c605\" data-element_type=\"section\" id=\"prodotti\">\n\t\t\t\t\t\t<div class=\"elementor-container elementor-column-gap-default\">\n\t\t\t\t\t\t\t<div class=\"elementor-row\">\n\t\t\t\t\t<div class=\"elementor-column elementor-col-66 elementor-top-column elementor-element elementor-element-30780a2b\" data-id=\"30780a2b\" data-element_type=\"column\">\n\t\t\t<div class=\"elementor-column-wrap elementor-element-populated\">\n\t\t\t\t\t\t\t<div class=\"elementor-widget-wrap\">\n\t\t\t\t\t\t<div class=\"elementor-element elementor-element-64424661 elementor-widget elementor-widget-heading\" data-id=\"64424661\" data-element_type=\"widget\" data-widget_type=\"heading.default\">\n\t\t\t\t<div class=\"elementor-widget-container\">\n\t\t\t<h2 class=\"elementor-heading-title elementor-size-default\">Waschmaschinen Grandimpianti<\/h2>\t\t<\/div>\n\t\t\t\t<\/div>\n\t\t\t\t<div class=\"elementor-element elementor-element-3bab7aee elementor-widget elementor-widget-text-editor\" data-id=\"3bab7aee\" data-element_type=\"widget\" data-widget_type=\"text-editor.default\">\n\t\t\t\t<div class=\"elementor-widget-container\">\n\t\t\t\t\t\t\t\t<div class=\"elementor-text-editor elementor-clearfix\">\n\t\t\t\t<p class=\" translation-block\">Grandimpianti I.L.E. ist seit 1972 in der Branche der kleinen und mittleren Industriew\u00e4schereien t\u00e4tig und bietet eine vollst\u00e4ndige Auswahl an Maschinen zum Waschen, Trocknen, B\u00fcgeln und f\u00fcr die Behandlung von W\u00e4sche im Allgemeinen.<\/p><p class=\" translation-block\">Mit dem breiten Angebot an Waschmaschinen, Trocknern, B\u00fcgelmaschinen und W\u00e4schemangeln wird einfach jeder Bedarf gedeckt.<\/p>\t\t\t\t\t<\/div>\n\t\t\t\t\t\t<\/div>\n\t\t\t\t<\/div>\n\t\t\t\t\t\t<\/div>\n\t\t\t\t\t<\/div>\n\t\t<\/div>\n\t\t\t\t<div class=\"elementor-column elementor-col-33 elementor-top-column elementor-element elementor-element-44760f0a\" data-id=\"44760f0a\" data-element_type=\"column\">\n\t\t\t<div class=\"elementor-column-wrap elementor-element-populated\">\n\t\t\t\t\t\t\t<div class=\"elementor-widget-wrap\">\n\t\t\t\t\t\t<div class=\"elementor-element elementor-element-5e27d682 elementor-widget elementor-widget-image\" data-id=\"5e27d682\" data-element_type=\"widget\" data-widget_type=\"image.default\">\n\t\t\t\t<div class=\"elementor-widget-container\">\n\t\t\t\t\t\t\t\t<div class=\"elementor-image\">\n\t\t\t\t\t\t\t\t\t\t\t\t<img width=\"200\" height=\"170\" src=\"https:\/\/www.dabermatic.it\/wp-content\/uploads\/2019\/05\/grandimpianti.png\" class=\"attachment-large size-large\" alt=\"grandimpianti\" loading=\"lazy\" \/>\t\t\t\t\t\t\t\t\t\t\t\t\t\t<\/div>\n\t\t\t\t\t\t<\/div>\n\t\t\t\t<\/div>\n\t\t\t\t\t\t<\/div>\n\t\t\t\t\t<\/div>\n\t\t<\/div>\n\t\t\t\t\t\t\t\t<\/div>\n\t\t\t\t\t<\/div>\n\t\t<\/section>\n\t\t\t\t<section class=\"elementor-section elementor-top-section elementor-element elementor-element-3de81859 elementor-section-boxed elementor-section-height-default elementor-section-height-default\" data-id=\"3de81859\" data-element_type=\"section\">\n\t\t\t\t\t\t<div class=\"elementor-container elementor-column-gap-default\">\n\t\t\t\t\t\t\t<div class=\"elementor-row\">\n\t\t\t\t\t<div class=\"elementor-column elementor-col-100 elementor-top-column elementor-element elementor-element-4c51b30a\" data-id=\"4c51b30a\" data-element_type=\"column\">\n\t\t\t<div class=\"elementor-column-wrap elementor-element-populated\">\n\t\t\t\t\t\t\t<div class=\"elementor-widget-wrap\">\n\t\t\t\t\t\t<div class=\"elementor-element elementor-element-44410558 elementor-arrows-position-outside elementor-widget elementor-widget-image-carousel\" data-id=\"44410558\" data-element_type=\"widget\" data-settings=\"{&quot;navigation&quot;:&quot;arrows&quot;,&quot;slides_to_show&quot;:&quot;4&quot;,&quot;image_spacing_custom&quot;:{&quot;unit&quot;:&quot;px&quot;,&quot;size&quot;:23,&quot;sizes&quot;:[]},&quot;slides_to_show_tablet&quot;:&quot;3&quot;,&quot;autoplay&quot;:&quot;yes&quot;,&quot;pause_on_hover&quot;:&quot;yes&quot;,&quot;pause_on_interaction&quot;:&quot;yes&quot;,&quot;autoplay_speed&quot;:5000,&quot;infinite&quot;:&quot;yes&quot;,&quot;speed&quot;:500}\" data-widget_type=\"image-carousel.default\">\n\t\t\t\t<div class=\"elementor-widget-container\">\n\t\t\t\t\t<div class=\"elementor-image-carousel-wrapper swiper-container\" dir=\"ltr\">\n\t\t\t<div class=\"elementor-image-carousel swiper-wrapper\">\n\t\t\t\t\t\t\t\t<div class=\"swiper-slide\"><figure class=\"swiper-slide-inner\"><img class=\"swiper-slide-image\" src=\"https:\/\/www.dabermatic.it\/wp-content\/uploads\/2019\/05\/1-lavabiancheria-300x300.jpg\" alt=\"lavabiancheria\" \/><figcaption class=\"elementor-image-carousel-caption\">WASCHMASCHINEN<\/figcaption><\/figure><\/div><div class=\"swiper-slide\"><figure class=\"swiper-slide-inner\"><img class=\"swiper-slide-image\" src=\"https:\/\/www.dabermatic.it\/wp-content\/uploads\/2019\/05\/2-lavabiancheria-300x300.jpg\" alt=\"lavabiancheria\" \/><figcaption class=\"elementor-image-carousel-caption\">WASCHMASCHINEN<\/figcaption><\/figure><\/div><div class=\"swiper-slide\"><figure class=\"swiper-slide-inner\"><img class=\"swiper-slide-image\" src=\"https:\/\/www.dabermatic.it\/wp-content\/uploads\/2019\/05\/5-asciugatrici-300x300.jpg\" alt=\"asciugatrici\" \/><figcaption class=\"elementor-image-carousel-caption\">TROCKNER<\/figcaption><\/figure><\/div><div class=\"swiper-slide\"><figure class=\"swiper-slide-inner\"><img class=\"swiper-slide-image\" src=\"https:\/\/www.dabermatic.it\/wp-content\/uploads\/2019\/05\/6-stiratrici-300x300.jpg\" alt=\"stiratrici\" \/><figcaption class=\"elementor-image-carousel-caption\">B\u00dcGELMASCHINEN<\/figcaption><\/figure><\/div><div class=\"swiper-slide\"><figure class=\"swiper-slide-inner\"><img class=\"swiper-slide-image\" src=\"https:\/\/www.dabermatic.it\/wp-content\/uploads\/2019\/05\/6-asciugatrici-300x300.jpg\" alt=\"asciugatrici\" \/><figcaption class=\"elementor-image-carousel-caption\">TROCKNER<\/figcaption><\/figure><\/div>\t\t\t<\/div>\n\t\t\t\t\t\t\t\t\t\t\t\t\t\t\t\t<div class=\"elementor-swiper-button elementor-swiper-button-prev\">\n\t\t\t\t\t\t<i aria-hidden=\"true\" class=\"eicon-chevron-left\"><\/i>\t\t\t\t\t\t<span class=\"elementor-screen-only\">Zur\u00fcck<\/span>\n\t\t\t\t\t<\/div>\n\t\t\t\t\t<div class=\"elementor-swiper-button elementor-swiper-button-next\">\n\t\t\t\t\t\t<i aria-hidden=\"true\" class=\"eicon-chevron-right\"><\/i>\t\t\t\t\t\t<span class=\"elementor-screen-only\">Weiter<\/span>\n\t\t\t\t\t<\/div>\n\t\t\t\t\t\t\t\t\t<\/div>\n\t\t\t\t<\/div>\n\t\t\t\t<\/div>\n\t\t\t\t\t\t<\/div>\n\t\t\t\t\t<\/div>\n\t\t<\/div>\n\t\t\t\t\t\t\t\t<\/div>\n\t\t\t\t\t<\/div>\n\t\t<\/section>\n\t\t\t\t\t\t<\/div>\n\t\t\t\t\t\t<\/div>\n\t\t\t\t\t<\/div>","protected":false},"excerpt":{"rendered":"<p>Lavaggio Biancheria Macchine automatizzate garantiscono la perfetta pulizia ed igiene dei prodotti tessili. RICHIEDI INFORMAZIONI Lavanderie industriali Grandimpianti Grandimpianti I.L.E. \u00e8 un&#8217;azienda che dal 1972 opera nel settore della piccola e media lavanderia industriale, con la produzione completa di apparecchiature per il lavaggio ad acqua, l&#8217;asciugatura, lo stiro ed il trattamento in genere della biancheria. [&hellip;]<\/p>","protected":false},"author":4,"featured_media":0,"parent":0,"menu_order":0,"comment_status":"closed","ping_status":"closed","template":"elementor_header_footer","meta":[],"yoast_head":"<!-- This site is optimized with the Yoast SEO plugin v18.0 - https:\/\/yoast.com\/wordpress\/plugins\/seo\/ -->\n<title>Lavaggio Biancheria - Dabermatic a Bolzano<\/title>\n<meta name=\"description\" content=\"Lavaggio Biancheria - Dabermatic a Bolzano. Grandimpianti I.L.E. \u00e8 un\u2019azienda che dal 1972 opera nel settore della piccola e...\" \/>\n<meta name=\"robots\" content=\"index, follow, max-snippet:-1, max-image-preview:large, max-video-preview:-1\" \/>\n<link rel=\"canonical\" href=\"https:\/\/www.dabermatic.it\/de\/lava-biancheria\/\" \/>\n<meta property=\"og:locale\" content=\"de_DE\" \/>\n<meta property=\"og:type\" content=\"article\" \/>\n<meta property=\"og:title\" content=\"Lavaggio Biancheria - Dabermatic a Bolzano\" \/>\n<meta property=\"og:description\" content=\"Lavaggio Biancheria - Dabermatic a Bolzano. Grandimpianti I.L.E. \u00e8 un\u2019azienda che dal 1972 opera nel settore della piccola e...\" \/>\n<meta property=\"og:url\" content=\"https:\/\/www.dabermatic.it\/de\/lava-biancheria\/\" \/>\n<meta property=\"og:site_name\" content=\"Dabermatic\" \/>\n<meta property=\"article:modified_time\" content=\"2021-12-22T11:10:48+00:00\" \/>\n<meta property=\"og:image\" content=\"https:\/\/www.dabermatic.it\/wp-content\/uploads\/2019\/05\/arrow-ico.png\" \/>\n<meta name=\"twitter:card\" content=\"summary_large_image\" \/>\n<script type=\"application\/ld+json\" class=\"yoast-schema-graph\">{\"@context\":\"https:\/\/schema.org\",\"@graph\":[{\"@type\":\"WebSite\",\"@id\":\"https:\/\/www.dabermatic.it\/#website\",\"url\":\"https:\/\/www.dabermatic.it\/\",\"name\":\"Dabermatic\",\"description\":\"\",\"potentialAction\":[{\"@type\":\"SearchAction\",\"target\":{\"@type\":\"EntryPoint\",\"urlTemplate\":\"https:\/\/www.dabermatic.it\/?s={search_term_string}\"},\"query-input\":\"required name=search_term_string\"}],\"inLanguage\":\"de\"},{\"@type\":\"ImageObject\",\"@id\":\"https:\/\/www.dabermatic.it\/lava-biancheria\/#primaryimage\",\"inLanguage\":\"de\",\"url\":\"https:\/\/www.dabermatic.it\/wp-content\/uploads\/2019\/05\/arrow-ico.png\",\"contentUrl\":\"https:\/\/www.dabermatic.it\/wp-content\/uploads\/2019\/05\/arrow-ico.png\",\"width\":55,\"height\":69},{\"@type\":\"WebPage\",\"@id\":\"https:\/\/www.dabermatic.it\/lava-biancheria\/#webpage\",\"url\":\"https:\/\/www.dabermatic.it\/lava-biancheria\/\",\"name\":\"Lavaggio Biancheria - Dabermatic a Bolzano\",\"isPartOf\":{\"@id\":\"https:\/\/www.dabermatic.it\/#website\"},\"primaryImageOfPage\":{\"@id\":\"https:\/\/www.dabermatic.it\/lava-biancheria\/#primaryimage\"},\"datePublished\":\"2019-05-08T11:35:13+00:00\",\"dateModified\":\"2021-12-22T11:10:48+00:00\",\"description\":\"Lavaggio Biancheria - Dabermatic a Bolzano. Grandimpianti I.L.E. \u00e8 un\u2019azienda che dal 1972 opera nel settore della piccola e...\",\"breadcrumb\":{\"@id\":\"https:\/\/www.dabermatic.it\/lava-biancheria\/#breadcrumb\"},\"inLanguage\":\"de\",\"potentialAction\":[{\"@type\":\"ReadAction\",\"target\":[\"https:\/\/www.dabermatic.it\/lava-biancheria\/\"]}]},{\"@type\":\"BreadcrumbList\",\"@id\":\"https:\/\/www.dabermatic.it\/lava-biancheria\/#breadcrumb\",\"itemListElement\":[{\"@type\":\"ListItem\",\"position\":1,\"name\":\"Home\",\"item\":\"https:\/\/www.dabermatic.it\/\"},{\"@type\":\"ListItem\",\"position\":2,\"name\":\"Lavaggio Biancheria\"}]}]}<\/script>\n<!-- \/ Yoast SEO plugin. -->","yoast_head_json":{"title":"Lavaggio Biancheria - Dabermatic a Bolzano","description":"Lavaggio Biancheria - Dabermatic a Bolzano. Grandimpianti I.L.E. \u00e8 un\u2019azienda che dal 1972 opera nel settore della piccola e...","robots":{"index":"index","follow":"follow","max-snippet":"max-snippet:-1","max-image-preview":"max-image-preview:large","max-video-preview":"max-video-preview:-1"},"canonical":"https:\/\/www.dabermatic.it\/de\/lava-biancheria\/","og_locale":"de_DE","og_type":"article","og_title":"Lavaggio Biancheria - Dabermatic a Bolzano","og_description":"Lavaggio Biancheria - Dabermatic a Bolzano. Grandimpianti I.L.E. \u00e8 un\u2019azienda che dal 1972 opera nel settore della piccola e...","og_url":"https:\/\/www.dabermatic.it\/de\/lava-biancheria\/","og_site_name":"Dabermatic","article_modified_time":"2021-12-22T11:10:48+00:00","og_image":[{"url":"https:\/\/www.dabermatic.it\/wp-content\/uploads\/2019\/05\/arrow-ico.png"}],"twitter_card":"summary_large_image","schema":{"@context":"https:\/\/schema.org","@graph":[{"@type":"WebSite","@id":"https:\/\/www.dabermatic.it\/#website","url":"https:\/\/www.dabermatic.it\/","name":"Dabermatic","description":"","potentialAction":[{"@type":"SearchAction","target":{"@type":"EntryPoint","urlTemplate":"https:\/\/www.dabermatic.it\/?s={search_term_string}"},"query-input":"required name=search_term_string"}],"inLanguage":"de"},{"@type":"ImageObject","@id":"https:\/\/www.dabermatic.it\/lava-biancheria\/#primaryimage","inLanguage":"de","url":"https:\/\/www.dabermatic.it\/wp-content\/uploads\/2019\/05\/arrow-ico.png","contentUrl":"https:\/\/www.dabermatic.it\/wp-content\/uploads\/2019\/05\/arrow-ico.png","width":55,"height":69},{"@type":"WebPage","@id":"https:\/\/www.dabermatic.it\/lava-biancheria\/#webpage","url":"https:\/\/www.dabermatic.it\/lava-biancheria\/","name":"Lavaggio Biancheria - Dabermatic a Bolzano","isPartOf":{"@id":"https:\/\/www.dabermatic.it\/#website"},"primaryImageOfPage":{"@id":"https:\/\/www.dabermatic.it\/lava-biancheria\/#primaryimage"},"datePublished":"2019-05-08T11:35:13+00:00","dateModified":"2021-12-22T11:10:48+00:00","description":"Lavaggio Biancheria - Dabermatic a Bolzano. Grandimpianti I.L.E. \u00e8 un\u2019azienda che dal 1972 opera nel settore della piccola e...","breadcrumb":{"@id":"https:\/\/www.dabermatic.it\/lava-biancheria\/#breadcrumb"},"inLanguage":"de","potentialAction":[{"@type":"ReadAction","target":["https:\/\/www.dabermatic.it\/lava-biancheria\/"]}]},{"@type":"BreadcrumbList","@id":"https:\/\/www.dabermatic.it\/lava-biancheria\/#breadcrumb","itemListElement":[{"@type":"ListItem","position":1,"name":"Home","item":"https:\/\/www.dabermatic.it\/"},{"@type":"ListItem","position":2,"name":"Lavaggio Biancheria"}]}]}},"_links":{"self":[{"href":"https:\/\/www.dabermatic.it\/de\/wp-json\/wp\/v2\/pages\/1605"}],"collection":[{"href":"https:\/\/www.dabermatic.it\/de\/wp-json\/wp\/v2\/pages"}],"about":[{"href":"https:\/\/www.dabermatic.it\/de\/wp-json\/wp\/v2\/types\/page"}],"author":[{"embeddable":true,"href":"https:\/\/www.dabermatic.it\/de\/wp-json\/wp\/v2\/users\/4"}],"replies":[{"embeddable":true,"href":"https:\/\/www.dabermatic.it\/de\/wp-json\/wp\/v2\/comments?post=1605"}],"version-history":[{"count":24,"href":"https:\/\/www.dabermatic.it\/de\/wp-json\/wp\/v2\/pages\/1605\/revisions"}],"predecessor-version":[{"id":2646,"href":"https:\/\/www.dabermatic.it\/de\/wp-json\/wp\/v2\/pages\/1605\/revisions\/2646"}],"wp:attachment":[{"href":"https:\/\/www.dabermatic.it\/de\/wp-json\/wp\/v2\/media?parent=1605"}],"curies":[{"name":"wp","href":"https:\/\/api.w.org\/{rel}","templated":true}]}}