{"id":1713,"date":"2019-05-09T12:18:28","date_gmt":"2019-05-09T10:18:28","guid":{"rendered":"https:\/\/www.dabermatic.it\/?page_id=1713"},"modified":"2021-12-22T12:13:53","modified_gmt":"2021-12-22T11:13:53","slug":"macchine-caffe-espresso","status":"publish","type":"page","link":"https:\/\/www.dabermatic.it\/de\/macchine-caffe-espresso\/","title":{"rendered":"Espresso-Kaffeemaschinen"},"content":{"rendered":"<div data-elementor-type=\"wp-post\" data-elementor-id=\"1713\" class=\"elementor elementor-1713\" data-elementor-settings=\"[]\">\n\t\t\t\t\t\t<div class=\"elementor-inner\">\n\t\t\t\t\t\t\t<div class=\"elementor-section-wrap\">\n\t\t\t\t\t\t\t<section class=\"elementor-section elementor-top-section elementor-element elementor-element-70fae7a0 elementor-section-stretched elementor-section-boxed elementor-section-height-default elementor-section-height-default\" data-id=\"70fae7a0\" data-element_type=\"section\" data-settings=\"{&quot;stretch_section&quot;:&quot;section-stretched&quot;,&quot;background_background&quot;:&quot;classic&quot;}\">\n\t\t\t\t\t\t<div class=\"elementor-container elementor-column-gap-default\">\n\t\t\t\t\t\t\t<div class=\"elementor-row\">\n\t\t\t\t\t<div class=\"elementor-column elementor-col-66 elementor-top-column elementor-element elementor-element-3a8f9ab2\" data-id=\"3a8f9ab2\" data-element_type=\"column\">\n\t\t\t<div class=\"elementor-column-wrap elementor-element-populated\">\n\t\t\t\t\t\t\t<div class=\"elementor-widget-wrap\">\n\t\t\t\t\t\t<div class=\"elementor-element elementor-element-44f78301 elementor-widget elementor-widget-heading\" data-id=\"44f78301\" data-element_type=\"widget\" data-widget_type=\"heading.default\">\n\t\t\t\t<div class=\"elementor-widget-container\">\n\t\t\t<h1 class=\"elementor-heading-title elementor-size-default\">Espresso-Kaffeemaschinen<\/h1>\t\t<\/div>\n\t\t\t\t<\/div>\n\t\t\t\t<div class=\"elementor-element elementor-element-3e7f293d elementor-widget elementor-widget-text-editor\" data-id=\"3e7f293d\" data-element_type=\"widget\" data-widget_type=\"text-editor.default\">\n\t\t\t\t<div class=\"elementor-widget-container\">\n\t\t\t\t\t\t\t\t<div class=\"elementor-text-editor elementor-clearfix\">\n\t\t\t\tDas Sortiment besteht aus kleinen Maschinen mit nur einer Gruppe bis hin zu den gr\u00f6\u00dften Maschinen mit 4 Gruppen mit manueller oder elektronischer Kaffeedosierung.\t\t\t\t\t<\/div>\n\t\t\t\t\t\t<\/div>\n\t\t\t\t<\/div>\n\t\t\t\t<div class=\"elementor-element elementor-element-0ec8d3f elementor-align-left elementor-mobile-align-justify elementor-widget elementor-widget-button\" data-id=\"0ec8d3f\" data-element_type=\"widget\" data-widget_type=\"button.default\">\n\t\t\t\t<div class=\"elementor-widget-container\">\n\t\t\t\t\t<div class=\"elementor-button-wrapper\">\n\t\t\t<a href=\"https:\/\/www.dabermatic.it\/de\/contatti\/\" class=\"elementor-button-link elementor-button elementor-size-md\" role=\"button\">\n\t\t\t\t\t\t<span class=\"elementor-button-content-wrapper\">\n\t\t\t\t\t\t<span class=\"elementor-button-text\">INFORMATIONEN ANFORDERN<\/span>\n\t\t<\/span>\n\t\t\t\t\t<\/a>\n\t\t<\/div>\n\t\t\t\t<\/div>\n\t\t\t\t<\/div>\n\t\t\t\t\t\t<\/div>\n\t\t\t\t\t<\/div>\n\t\t<\/div>\n\t\t\t\t<div class=\"elementor-column elementor-col-33 elementor-top-column elementor-element elementor-element-1ad692e1\" data-id=\"1ad692e1\" data-element_type=\"column\">\n\t\t\t<div class=\"elementor-column-wrap elementor-element-populated\">\n\t\t\t\t\t\t\t<div class=\"elementor-widget-wrap\">\n\t\t\t\t\t\t<div class=\"elementor-element elementor-element-1ed84476 elementor-absolute elementor-hidden-tablet elementor-hidden-phone elementor-widget elementor-widget-image\" data-id=\"1ed84476\" data-element_type=\"widget\" data-settings=\"{&quot;_position&quot;:&quot;absolute&quot;}\" data-widget_type=\"image.default\">\n\t\t\t\t<div class=\"elementor-widget-container\">\n\t\t\t\t\t\t\t\t<div class=\"elementor-image\">\n\t\t\t\t\t\t\t\t\t\t\t\t\t<a href=\"#prodotti\">\n\t\t\t\t\t\t\t<img width=\"55\" height=\"69\" src=\"https:\/\/www.dabermatic.it\/wp-content\/uploads\/2019\/05\/arrow-ico.png\" class=\"attachment-large size-large\" alt=\"\" loading=\"lazy\" \/>\t\t\t\t\t\t\t\t<\/a>\n\t\t\t\t\t\t\t\t\t\t\t\t\t\t<\/div>\n\t\t\t\t\t\t<\/div>\n\t\t\t\t<\/div>\n\t\t\t\t\t\t<\/div>\n\t\t\t\t\t<\/div>\n\t\t<\/div>\n\t\t\t\t\t\t\t\t<\/div>\n\t\t\t\t\t<\/div>\n\t\t<\/section>\n\t\t\t\t<section class=\"elementor-section elementor-top-section elementor-element elementor-element-3f06ca2d elementor-reverse-tablet elementor-section-boxed elementor-section-height-default elementor-section-height-default\" data-id=\"3f06ca2d\" data-element_type=\"section\" id=\"prodotti\">\n\t\t\t\t\t\t<div class=\"elementor-container elementor-column-gap-default\">\n\t\t\t\t\t\t\t<div class=\"elementor-row\">\n\t\t\t\t\t<div class=\"elementor-column elementor-col-66 elementor-top-column elementor-element elementor-element-56ef96a7\" data-id=\"56ef96a7\" data-element_type=\"column\">\n\t\t\t<div class=\"elementor-column-wrap elementor-element-populated\">\n\t\t\t\t\t\t\t<div class=\"elementor-widget-wrap\">\n\t\t\t\t\t\t<div class=\"elementor-element elementor-element-54411032 elementor-widget elementor-widget-heading\" data-id=\"54411032\" data-element_type=\"widget\" data-widget_type=\"heading.default\">\n\t\t\t\t<div class=\"elementor-widget-container\">\n\t\t\t<h2 class=\"elementor-heading-title elementor-size-default\">Rancilio<\/h2>\t\t<\/div>\n\t\t\t\t<\/div>\n\t\t\t\t<div class=\"elementor-element elementor-element-2aebf8c0 elementor-widget elementor-widget-text-editor\" data-id=\"2aebf8c0\" data-element_type=\"widget\" data-widget_type=\"text-editor.default\">\n\t\t\t\t<div class=\"elementor-widget-container\">\n\t\t\t\t\t\t\t\t<div class=\"elementor-text-editor elementor-clearfix translation-block\"><strong>Rancilio<\/strong> ist ein italienisches Traditionsunternehmen, das seit den 1920er Jahren Espressomaschinen von h\u00f6chstem Prestige und erstklassiger Qualit\u00e4t produziert. Nach vielen Erfolgsjahren verf\u00fcgen wir heute \u00fcber ein komplettes Angebot an L\u00f6sungen mit innovativer Technologie und modernem Design. Das Sortiment besteht aus kleinen Maschinen mit nur einer Gruppe bis hin zu den gr\u00f6\u00dften Maschinen mit 4 Gruppen mit manueller oder elektronischer Kaffeedosierung.<\/div>\n\t\t\t\t\t\t<\/div>\n\t\t\t\t<\/div>\n\t\t\t\t\t\t<\/div>\n\t\t\t\t\t<\/div>\n\t\t<\/div>\n\t\t\t\t<div class=\"elementor-column elementor-col-33 elementor-top-column elementor-element elementor-element-be4207d\" data-id=\"be4207d\" data-element_type=\"column\">\n\t\t\t<div class=\"elementor-column-wrap elementor-element-populated\">\n\t\t\t\t\t\t\t<div class=\"elementor-widget-wrap\">\n\t\t\t\t\t\t<div class=\"elementor-element elementor-element-7f5cea0 elementor-widget elementor-widget-image\" data-id=\"7f5cea0\" data-element_type=\"widget\" data-widget_type=\"image.default\">\n\t\t\t\t<div class=\"elementor-widget-container\">\n\t\t\t\t\t\t\t\t<div class=\"elementor-image\">\n\t\t\t\t\t\t\t\t\t\t\t\t<img width=\"200\" height=\"170\" src=\"https:\/\/www.dabermatic.it\/wp-content\/uploads\/2019\/05\/rancilio.png\" class=\"attachment-large size-large\" alt=\"rancilio\" loading=\"lazy\" \/>\t\t\t\t\t\t\t\t\t\t\t\t\t\t<\/div>\n\t\t\t\t\t\t<\/div>\n\t\t\t\t<\/div>\n\t\t\t\t\t\t<\/div>\n\t\t\t\t\t<\/div>\n\t\t<\/div>\n\t\t\t\t\t\t\t\t<\/div>\n\t\t\t\t\t<\/div>\n\t\t<\/section>\n\t\t\t\t<section class=\"elementor-section elementor-top-section elementor-element elementor-element-3949f4a5 elementor-section-boxed elementor-section-height-default elementor-section-height-default\" data-id=\"3949f4a5\" data-element_type=\"section\">\n\t\t\t\t\t\t<div class=\"elementor-container elementor-column-gap-default\">\n\t\t\t\t\t\t\t<div class=\"elementor-row\">\n\t\t\t\t\t<div class=\"elementor-column elementor-col-100 elementor-top-column elementor-element elementor-element-3e2583b1\" data-id=\"3e2583b1\" data-element_type=\"column\">\n\t\t\t<div class=\"elementor-column-wrap elementor-element-populated\">\n\t\t\t\t\t\t\t<div class=\"elementor-widget-wrap\">\n\t\t\t\t\t\t<div class=\"elementor-element elementor-element-374f875a elementor-arrows-position-inside elementor-widget elementor-widget-image-carousel\" data-id=\"374f875a\" data-element_type=\"widget\" data-settings=\"{&quot;navigation&quot;:&quot;arrows&quot;,&quot;slides_to_show&quot;:&quot;4&quot;,&quot;image_spacing_custom&quot;:{&quot;unit&quot;:&quot;px&quot;,&quot;size&quot;:6,&quot;sizes&quot;:[]},&quot;slides_to_show_tablet&quot;:&quot;3&quot;,&quot;autoplay&quot;:&quot;yes&quot;,&quot;pause_on_hover&quot;:&quot;yes&quot;,&quot;pause_on_interaction&quot;:&quot;yes&quot;,&quot;autoplay_speed&quot;:5000,&quot;infinite&quot;:&quot;yes&quot;,&quot;speed&quot;:500}\" data-widget_type=\"image-carousel.default\">\n\t\t\t\t<div class=\"elementor-widget-container\">\n\t\t\t\t\t<div class=\"elementor-image-carousel-wrapper swiper-container\" dir=\"ltr\">\n\t\t\t<div class=\"elementor-image-carousel swiper-wrapper\">\n\t\t\t\t\t\t\t\t<div class=\"swiper-slide\"><figure class=\"swiper-slide-inner\"><img class=\"swiper-slide-image\" src=\"https:\/\/www.dabermatic.it\/wp-content\/uploads\/2019\/05\/m-80-40-rocky-300x300.jpg\" alt=\"espresso 70\/80 rocky\" \/><figcaption class=\"elementor-image-carousel-caption\">espresso 70\/80 rocky<\/figcaption><\/figure><\/div><div class=\"swiper-slide\"><figure class=\"swiper-slide-inner\"><img class=\"swiper-slide-image\" src=\"https:\/\/www.dabermatic.it\/wp-content\/uploads\/2019\/05\/Classe11-300x300.jpg\" alt=\"Classe 11\" \/><figcaption class=\"elementor-image-carousel-caption\">Classe 11<\/figcaption><\/figure><\/div><div class=\"swiper-slide\"><figure class=\"swiper-slide-inner\"><img class=\"swiper-slide-image\" src=\"https:\/\/www.dabermatic.it\/wp-content\/uploads\/2019\/05\/leva-300x300.jpg\" alt=\"leva\" \/><figcaption class=\"elementor-image-carousel-caption\">leva<\/figcaption><\/figure><\/div><div class=\"swiper-slide\"><figure class=\"swiper-slide-inner\"><img class=\"swiper-slide-image\" src=\"https:\/\/www.dabermatic.it\/wp-content\/uploads\/2019\/05\/Classe7-300x300.jpg\" alt=\"Classe 7\" \/><figcaption class=\"elementor-image-carousel-caption\">Classe 7<\/figcaption><\/figure><\/div><div class=\"swiper-slide\"><figure class=\"swiper-slide-inner\"><img class=\"swiper-slide-image\" src=\"https:\/\/www.dabermatic.it\/wp-content\/uploads\/2019\/05\/Classe11-2-300x300.jpg\" alt=\"Classe 11\" \/><figcaption class=\"elementor-image-carousel-caption\">Classe 11<\/figcaption><\/figure><\/div>\t\t\t<\/div>\n\t\t\t\t\t\t\t\t\t\t\t\t\t\t\t\t<div class=\"elementor-swiper-button elementor-swiper-button-prev\">\n\t\t\t\t\t\t<i aria-hidden=\"true\" class=\"eicon-chevron-left\"><\/i>\t\t\t\t\t\t<span class=\"elementor-screen-only\">Zur\u00fcck<\/span>\n\t\t\t\t\t<\/div>\n\t\t\t\t\t<div class=\"elementor-swiper-button elementor-swiper-button-next\">\n\t\t\t\t\t\t<i aria-hidden=\"true\" class=\"eicon-chevron-right\"><\/i>\t\t\t\t\t\t<span class=\"elementor-screen-only\">Weiter<\/span>\n\t\t\t\t\t<\/div>\n\t\t\t\t\t\t\t\t\t<\/div>\n\t\t\t\t<\/div>\n\t\t\t\t<\/div>\n\t\t\t\t\t\t<\/div>\n\t\t\t\t\t<\/div>\n\t\t<\/div>\n\t\t\t\t\t\t\t\t<\/div>\n\t\t\t\t\t<\/div>\n\t\t<\/section>\n\t\t\t\t<section class=\"elementor-section elementor-top-section elementor-element elementor-element-c095412 elementor-section-boxed elementor-section-height-default elementor-section-height-default\" data-id=\"c095412\" data-element_type=\"section\" data-settings=\"{&quot;background_background&quot;:&quot;classic&quot;,&quot;background_motion_fx_motion_fx_scrolling&quot;:&quot;yes&quot;,&quot;background_motion_fx_translateY_effect&quot;:&quot;yes&quot;,&quot;background_motion_fx_translateY_speed&quot;:{&quot;unit&quot;:&quot;px&quot;,&quot;size&quot;:4,&quot;sizes&quot;:[]},&quot;background_motion_fx_translateY_affectedRange&quot;:{&quot;unit&quot;:&quot;%&quot;,&quot;size&quot;:&quot;&quot;,&quot;sizes&quot;:{&quot;start&quot;:0,&quot;end&quot;:100}},&quot;background_motion_fx_devices&quot;:[&quot;desktop&quot;,&quot;tablet&quot;,&quot;mobile&quot;]}\">\n\t\t\t\t\t\t<div class=\"elementor-container elementor-column-gap-default\">\n\t\t\t\t\t\t\t<div class=\"elementor-row\">\n\t\t\t\t\t<div class=\"elementor-column elementor-col-100 elementor-top-column elementor-element elementor-element-b4c6f78\" data-id=\"b4c6f78\" data-element_type=\"column\">\n\t\t\t<div class=\"elementor-column-wrap elementor-element-populated\">\n\t\t\t\t\t\t\t<div class=\"elementor-widget-wrap\">\n\t\t\t\t\t\t<div class=\"elementor-element elementor-element-2f7335d elementor-widget elementor-widget-spacer\" data-id=\"2f7335d\" data-element_type=\"widget\" data-widget_type=\"spacer.default\">\n\t\t\t\t<div class=\"elementor-widget-container\">\n\t\t\t\t\t<div class=\"elementor-spacer\">\n\t\t\t<div class=\"elementor-spacer-inner\"><\/div>\n\t\t<\/div>\n\t\t\t\t<\/div>\n\t\t\t\t<\/div>\n\t\t\t\t\t\t<\/div>\n\t\t\t\t\t<\/div>\n\t\t<\/div>\n\t\t\t\t\t\t\t\t<\/div>\n\t\t\t\t\t<\/div>\n\t\t<\/section>\n\t\t\t\t\t\t<\/div>\n\t\t\t\t\t\t<\/div>\n\t\t\t\t\t<\/div>","protected":false},"excerpt":{"rendered":"<p>Macchine caff\u00e8 espresso La gamma si compone dalle piccole ad un gruppo fino alle pi\u00f9 importanti a 4 gruppi con dosatura manuale o elettronica delle dosi caff\u00e8. RICHIEDI INFORMAZIONI Macchinari Rancilio Rancilio \u00e8 un&#8217;azienda italiana di grande tradizione che dagli anni &#8217;20 produce macchine per caff\u00e8 espresso di massimo prestigio e qualit\u00e0. Dopo molti anni [&hellip;]<\/p>","protected":false},"author":4,"featured_media":0,"parent":0,"menu_order":0,"comment_status":"closed","ping_status":"closed","template":"elementor_header_footer","meta":[],"yoast_head":"<!-- This site is optimized with the Yoast SEO plugin v18.0 - https:\/\/yoast.com\/wordpress\/plugins\/seo\/ -->\n<title>Macchine caff\u00e8 espresso - Dabermatic a Bolzano<\/title>\n<meta name=\"description\" content=\"Macchine caff\u00e8 espresso - Dabermatic a Bolzano. Rancilio \u00e8 un\u2019azienda italiana di grande tradizione che dagli anni \u201920 produce...\" \/>\n<meta name=\"robots\" content=\"index, follow, max-snippet:-1, max-image-preview:large, max-video-preview:-1\" \/>\n<link rel=\"canonical\" href=\"https:\/\/www.dabermatic.it\/de\/macchine-caffe-espresso\/\" \/>\n<meta property=\"og:locale\" content=\"de_DE\" \/>\n<meta property=\"og:type\" content=\"article\" \/>\n<meta property=\"og:title\" content=\"Macchine caff\u00e8 espresso - Dabermatic a Bolzano\" \/>\n<meta property=\"og:description\" content=\"Macchine caff\u00e8 espresso - Dabermatic a Bolzano. Rancilio \u00e8 un\u2019azienda italiana di grande tradizione che dagli anni \u201920 produce...\" \/>\n<meta property=\"og:url\" content=\"https:\/\/www.dabermatic.it\/de\/macchine-caffe-espresso\/\" \/>\n<meta property=\"og:site_name\" content=\"Dabermatic\" \/>\n<meta property=\"article:modified_time\" content=\"2021-12-22T11:13:53+00:00\" \/>\n<meta property=\"og:image\" content=\"https:\/\/www.dabermatic.it\/wp-content\/uploads\/2019\/05\/arrow-ico.png\" \/>\n<meta name=\"twitter:card\" content=\"summary_large_image\" \/>\n<script type=\"application\/ld+json\" class=\"yoast-schema-graph\">{\"@context\":\"https:\/\/schema.org\",\"@graph\":[{\"@type\":\"WebSite\",\"@id\":\"https:\/\/www.dabermatic.it\/#website\",\"url\":\"https:\/\/www.dabermatic.it\/\",\"name\":\"Dabermatic\",\"description\":\"\",\"potentialAction\":[{\"@type\":\"SearchAction\",\"target\":{\"@type\":\"EntryPoint\",\"urlTemplate\":\"https:\/\/www.dabermatic.it\/?s={search_term_string}\"},\"query-input\":\"required name=search_term_string\"}],\"inLanguage\":\"de\"},{\"@type\":\"ImageObject\",\"@id\":\"https:\/\/www.dabermatic.it\/macchine-caffe-espresso\/#primaryimage\",\"inLanguage\":\"de\",\"url\":\"https:\/\/www.dabermatic.it\/wp-content\/uploads\/2019\/05\/arrow-ico.png\",\"contentUrl\":\"https:\/\/www.dabermatic.it\/wp-content\/uploads\/2019\/05\/arrow-ico.png\",\"width\":55,\"height\":69},{\"@type\":\"WebPage\",\"@id\":\"https:\/\/www.dabermatic.it\/macchine-caffe-espresso\/#webpage\",\"url\":\"https:\/\/www.dabermatic.it\/macchine-caffe-espresso\/\",\"name\":\"Macchine caff\u00e8 espresso - Dabermatic a Bolzano\",\"isPartOf\":{\"@id\":\"https:\/\/www.dabermatic.it\/#website\"},\"primaryImageOfPage\":{\"@id\":\"https:\/\/www.dabermatic.it\/macchine-caffe-espresso\/#primaryimage\"},\"datePublished\":\"2019-05-09T10:18:28+00:00\",\"dateModified\":\"2021-12-22T11:13:53+00:00\",\"description\":\"Macchine caff\u00e8 espresso - Dabermatic a Bolzano. Rancilio \u00e8 un\u2019azienda italiana di grande tradizione che dagli anni \u201920 produce...\",\"breadcrumb\":{\"@id\":\"https:\/\/www.dabermatic.it\/macchine-caffe-espresso\/#breadcrumb\"},\"inLanguage\":\"de\",\"potentialAction\":[{\"@type\":\"ReadAction\",\"target\":[\"https:\/\/www.dabermatic.it\/macchine-caffe-espresso\/\"]}]},{\"@type\":\"BreadcrumbList\",\"@id\":\"https:\/\/www.dabermatic.it\/macchine-caffe-espresso\/#breadcrumb\",\"itemListElement\":[{\"@type\":\"ListItem\",\"position\":1,\"name\":\"Home\",\"item\":\"https:\/\/www.dabermatic.it\/\"},{\"@type\":\"ListItem\",\"position\":2,\"name\":\"Macchine caff\u00e8 espresso\"}]}]}<\/script>\n<!-- \/ Yoast SEO plugin. -->","yoast_head_json":{"title":"Macchine caff\u00e8 espresso - Dabermatic a Bolzano","description":"Macchine caff\u00e8 espresso - Dabermatic a Bolzano. Rancilio \u00e8 un\u2019azienda italiana di grande tradizione che dagli anni \u201920 produce...","robots":{"index":"index","follow":"follow","max-snippet":"max-snippet:-1","max-image-preview":"max-image-preview:large","max-video-preview":"max-video-preview:-1"},"canonical":"https:\/\/www.dabermatic.it\/de\/macchine-caffe-espresso\/","og_locale":"de_DE","og_type":"article","og_title":"Macchine caff\u00e8 espresso - Dabermatic a Bolzano","og_description":"Macchine caff\u00e8 espresso - Dabermatic a Bolzano. Rancilio \u00e8 un\u2019azienda italiana di grande tradizione che dagli anni \u201920 produce...","og_url":"https:\/\/www.dabermatic.it\/de\/macchine-caffe-espresso\/","og_site_name":"Dabermatic","article_modified_time":"2021-12-22T11:13:53+00:00","og_image":[{"url":"https:\/\/www.dabermatic.it\/wp-content\/uploads\/2019\/05\/arrow-ico.png"}],"twitter_card":"summary_large_image","schema":{"@context":"https:\/\/schema.org","@graph":[{"@type":"WebSite","@id":"https:\/\/www.dabermatic.it\/#website","url":"https:\/\/www.dabermatic.it\/","name":"Dabermatic","description":"","potentialAction":[{"@type":"SearchAction","target":{"@type":"EntryPoint","urlTemplate":"https:\/\/www.dabermatic.it\/?s={search_term_string}"},"query-input":"required name=search_term_string"}],"inLanguage":"de"},{"@type":"ImageObject","@id":"https:\/\/www.dabermatic.it\/macchine-caffe-espresso\/#primaryimage","inLanguage":"de","url":"https:\/\/www.dabermatic.it\/wp-content\/uploads\/2019\/05\/arrow-ico.png","contentUrl":"https:\/\/www.dabermatic.it\/wp-content\/uploads\/2019\/05\/arrow-ico.png","width":55,"height":69},{"@type":"WebPage","@id":"https:\/\/www.dabermatic.it\/macchine-caffe-espresso\/#webpage","url":"https:\/\/www.dabermatic.it\/macchine-caffe-espresso\/","name":"Macchine caff\u00e8 espresso - Dabermatic a Bolzano","isPartOf":{"@id":"https:\/\/www.dabermatic.it\/#website"},"primaryImageOfPage":{"@id":"https:\/\/www.dabermatic.it\/macchine-caffe-espresso\/#primaryimage"},"datePublished":"2019-05-09T10:18:28+00:00","dateModified":"2021-12-22T11:13:53+00:00","description":"Macchine caff\u00e8 espresso - Dabermatic a Bolzano. Rancilio \u00e8 un\u2019azienda italiana di grande tradizione che dagli anni \u201920 produce...","breadcrumb":{"@id":"https:\/\/www.dabermatic.it\/macchine-caffe-espresso\/#breadcrumb"},"inLanguage":"de","potentialAction":[{"@type":"ReadAction","target":["https:\/\/www.dabermatic.it\/macchine-caffe-espresso\/"]}]},{"@type":"BreadcrumbList","@id":"https:\/\/www.dabermatic.it\/macchine-caffe-espresso\/#breadcrumb","itemListElement":[{"@type":"ListItem","position":1,"name":"Home","item":"https:\/\/www.dabermatic.it\/"},{"@type":"ListItem","position":2,"name":"Macchine caff\u00e8 espresso"}]}]}},"_links":{"self":[{"href":"https:\/\/www.dabermatic.it\/de\/wp-json\/wp\/v2\/pages\/1713"}],"collection":[{"href":"https:\/\/www.dabermatic.it\/de\/wp-json\/wp\/v2\/pages"}],"about":[{"href":"https:\/\/www.dabermatic.it\/de\/wp-json\/wp\/v2\/types\/page"}],"author":[{"embeddable":true,"href":"https:\/\/www.dabermatic.it\/de\/wp-json\/wp\/v2\/users\/4"}],"replies":[{"embeddable":true,"href":"https:\/\/www.dabermatic.it\/de\/wp-json\/wp\/v2\/comments?post=1713"}],"version-history":[{"count":26,"href":"https:\/\/www.dabermatic.it\/de\/wp-json\/wp\/v2\/pages\/1713\/revisions"}],"predecessor-version":[{"id":2652,"href":"https:\/\/www.dabermatic.it\/de\/wp-json\/wp\/v2\/pages\/1713\/revisions\/2652"}],"wp:attachment":[{"href":"https:\/\/www.dabermatic.it\/de\/wp-json\/wp\/v2\/media?parent=1713"}],"curies":[{"name":"wp","href":"https:\/\/api.w.org\/{rel}","templated":true}]}}